
{"id":53,"date":"2015-04-17T13:58:38","date_gmt":"2015-04-17T13:58:38","guid":{"rendered":"https:\/\/transfer724.com.tr\/?page_id=53"},"modified":"2024-03-17T13:49:01","modified_gmt":"2024-03-17T10:49:01","slug":"booking-terms","status":"publish","type":"page","link":"https:\/\/transfer724.com.tr\/tr\/booking-terms\/","title":{"rendered":"Rezervasyon Ko\u015fullar\u0131"},"content":{"rendered":"<div class=\"booking-terms\">\n<h2>Uzak Mesafeli Sat\u0131\u015f S\u00f6zle\u015fmesi<\/h2>\n<h5>S\u00d6ZLE\u015eMEN\u0130N TARAFLARI<\/h5>\n<p><strong>SATICI:<\/strong>Transfer 7\/24 Turizm Ta\u015f\u0131mac\u0131l\u0131k Ltd.<\/p>\n<p><strong>ALICI:<\/strong>Hizmeti Sat\u0131n Alan<\/p>\n<h3>S\u00d6ZLE\u015eMEN\u0130N KONUSU<\/h3>\n<p>Al\u0131c\u0131n\u0131n Sat\u0131c\u0131ya ait transfer724.com.tr web sitesinden elektronik ortamda sipari\u015f verdi\u011fi, s\u00f6zle\u015fmede bahsi ge\u00e7en nitelikleri haiz ve yine s\u00f6zle\u015fmede sat\u0131\u015f fiyat\u0131 belirtilen mal\/hizmetin sat\u0131\u015f\u0131 ve teslimi ile ilgili olarak 4077 say\u0131l\u0131 T\u00fcketicilerin Korunmas\u0131 Hakk\u0131ndaki Kanun ve Mesafeli S\u00f6zle\u015fmeler Uygulama Esas ve Usulleri Hakk\u0131nda Y\u00f6netmelik h\u00fck\u00fcmleri gere\u011fince taraflar\u0131n hak ve y\u00fck\u00fcml\u00fcl\u00fcklerinin saptanmas\u0131d\u0131r.<\/p>\n<p>Al\u0131c\u0131, sat\u0131\u015fa konu mal\/hizmetlerin temel nitelikleri, sat\u0131\u015f fiyat\u0131, \u00f6deme \u015fekli, teslimat ko\u015fullar\u0131 vs. sat\u0131\u015fa konu mal\/hizmet ile ilgili t\u00fcm \u00f6n bilgiler ve \u201ccayma\u201d hakk\u0131 konusunda bilgi sahibi oldu\u011funu, bu \u00f6n bilgileri elektronik ortamda teyit etti\u011fini ve sonras\u0131nda mal\/hizmeti sipari\u015f verdi\u011fini is bu s\u00f6zle\u015fme h\u00fck\u00fcmlerince kabul ve beyan eder. transfer724.com.tr sitesinde \u00f6deme sayfas\u0131nda yer alan G\u0130ZL\u0130L\u0130K POL\u0130T\u0130KASI ve TRANSFER S\u00d6ZLE\u015eMES\u0130 bu s\u00f6zle\u015fmenin ayr\u0131lmaz par\u00e7alar\u0131d\u0131r.<\/p>\n<h4>S\u00d6ZLE\u015eME TAR\u0130H\u0130<\/h4>\n<p>M\u00fc\u015fterilerin transfer724.com.tr sitesinden talep etti\u011fi hizmetin kapsad\u0131\u011f\u0131 tarihler esast\u0131r.<\/p>\n<h5>MAL\/H\u0130ZMET\u0130N TESL\u0130M\u0130, S\u00d6ZLE\u015eMEN\u0130N \u0130FA YER\u0130 VE TESL\u0130M \u015eEKL\u0130<\/h5>\n<p>Sat\u0131c\u0131n\u0131n sundu\u011fu hizmet, m\u00fc\u015fterinin belirledi\u011fi transfer yerine g\u00f6re yine m\u00fc\u015fterinin hizmet talep ederken belirledi\u011fi \u015fekilde sa\u011flan\u0131r.<\/p>\n<h5>ALICININ BEYAN VE TAAHH\u00dcTLER\u0130<\/h5>\n<p>Cayma hakk\u0131 kullan\u0131lacaksa Transfer hizmeti &amp; \u015e\u00f6f\u00f6rl\u00fc ara\u00e7 kiralama kullan\u0131lmamal\u0131d\u0131r. Fatura iade edilmelidir. Transfer hizmeti veya \u015f\u00f6f\u00f6rl\u00fc ara\u00e7 kiralamadan sonra al\u0131c\u0131ya ait kredi kart\u0131n\u0131n al\u0131c\u0131n\u0131n kusurundan kaynaklanmayan bir \u015fekilde yetkisiz ki\u015filerce haks\u0131z veya hukuka ayk\u0131r\u0131 olarak kullan\u0131lmas\u0131 nedeni ile ilgili banka veya finans kurulu\u015funun mal\/hizmet bedelini sat\u0131c\u0131ya \u00f6dememesi halinde, Al\u0131c\u0131 kendisine Transfer hizmeti veya \u015f\u00f6f\u00f6rl\u00fc ara\u00e7 kiralama bedelini \u00f6demek zorundad\u0131r<\/p>\n<h5>S\u00d6ZLE\u015eMEYE KONU MAL\/H\u0130ZMET\u0130N \u00d6ZELL\u0130KLER\u0130<\/h5>\n<p>Mal\/hizmetin cinsi ve t\u00fcr\u00fc, miktar\u0131, marka\/modeli, rengi ve t\u00fcm vergiler d\u00e2hil sat\u0131\u015f bedeli transfer724.com.tr adl\u0131 web sitesindeki mal\/hizmet tan\u0131t\u0131m sayfas\u0131nda yer alan bilgilerde ve i\u015f bu s\u00f6zle\u015fmenin ayr\u0131lmaz par\u00e7as\u0131 say\u0131lan faturada belirtildi\u011fi gibidir.<\/p>\n<h5>MAL\/H\u0130ZMET\u0130N PE\u015e\u0130N F\u0130YATI<\/h5>\n<p>transfer724.com.tr internet sitesindeki b\u00fct\u00fcn fiyatlar, internet sitemizde veya teyit ama\u00e7l\u0131e-postada aksi belirtilmedi\u011fi s\u00fcrece, KDV ve di\u011fer b\u00fct\u00fcn vergileri (s\u00f6z konusu vergilerde yap\u0131lacak de\u011fi\u015fikliklere tabi olmak suretiyle) i\u00e7erir halde g\u00f6r\u00fcnt\u00fclenmektedir.Al\u0131c\u0131n\u0131n, kredi kart\u0131 ile ve taksitle al\u0131\u015fveri\u015f yapmas\u0131 durumunda siteden se\u00e7mi\u015f oldu\u011fu taksit bi\u00e7imi ge\u00e7erlidir. Taksitlendirme i\u015flemlerinde, al\u0131c\u0131 ile kart sahibi banka aras\u0131nda imzalam\u0131\u015fbulunan s\u00f6zle\u015fmenin ilgili h\u00fck\u00fcmleri ge\u00e7erlidir. Kredi kart\u0131 \u00f6deme tarihi banka ile al\u0131c\u0131ar aras\u0131ndaki s\u00f6zle\u015fme h\u00fck\u00fcmlerince belirlenir. Web sitemizde baz\u0131 ara\u00e7larda \u00f6deme se\u00e7ene\u011fi olarak sadece \u00f6n \u00f6deme \u015fart\u0131 olu\u015fabilmektedir. Para transferi yap\u0131lacak bankadan kaynaklanan komisyon kesintileri ve sorumlulu\u011fu g\u00f6nderentaraf\u0131na aittir.<\/p>\n<h5>\u0130PTAL VE DE\u011e\u0130\u015e\u0130KL\u0130K<\/h5>\n<p>T\u00fcketici, hizmetin ba\u015flamas\u0131na 12 saat kalaya kadar iptal talep etti\u011finde \u00f6dedi\u011fi hizmet bedelinin tamam\u0131 kendisine iade edilir.T\u00fcketici, hizmetin ba\u015flamas\u0131na 12 saatten az kalan s\u00fcre i\u00e7inde iptal taleplerinde tek y\u00f6n hizmet bedelinin % 50 si iade edilir. (\u00e7ift y\u00f6n hizmet bedeli \u00f6denmi\u015f ise d\u00f6n\u00fc\u015f \u00fccretinin tamam\u0131 geri iade edilir) T\u00fcketici taraf\u0131ndan yap\u0131lan tarih de\u011fi\u015fikliklerinde iptal h\u00fck\u00fcmleri ge\u00e7erlidir.<\/p>\n<p>T\u00fcketici, Acenteden sat\u0131n al\u0131nan hizmetle ilgili hizmet s\u00f6zle\u015fmesi kurallar\u0131na uyaca\u011f\u0131n\u0131; 3.ki\u015filerin can, mal ve huzuruna sayg\u0131 duyaca\u011f\u0131n\u0131 aksi takdirde hizmeti hakl\u0131 nedenle alamayaca\u011f\u0131n\u0131 ve iade hakk\u0131n\u0131n bulunmad\u0131\u011f\u0131n\u0131 kabul eder. Hizmetin ifas\u0131ndan sonra T\u00fcketiciye ait kredi kart\u0131n\u0131n Acentenin kusurundan kaynaklanmayan bir \u015fekilde yetkisiz ki\u015filerce haks\u0131z veya hukuka ayk\u0131r\u0131 olarak kullan\u0131lmas\u0131 nedeni ile ilgili banka veya finans kurulu\u015funun hizmet bedelini Acenteye \u00f6dememesi halinde T\u00fcketici, hizmet bedelinden ve do\u011fan zararlardan sorumludur.<\/p>\n<h5>GENEL H\u00dcK\u00dcMLER<\/h5>\n<p>Acente, hizmetin ba\u015flamas\u0131na veya devam\u0131na engel te\u015fkil edecek transfer arac\u0131nda ya\u015fanacak mekanik ar\u0131za, trafik kazas\u0131, operasyonel aksakl\u0131klar, hava muhalefeti, trafik s\u0131k\u0131\u015f\u0131kl\u0131\u011f\u0131,ter\u00f6r olaylar\u0131, kolluk kuvvetlerinin uygulamalar\u0131, vb. nedenler dolay\u0131 transferinizi ger\u00e7ekle\u015ftiremeyece\u011fini anlad\u0131\u011f\u0131 andan itibaren en k\u0131sa s\u00fcrede alternatif bir ara\u00e7 sa\u011flanmaya \u00e7al\u0131\u015f\u0131lacak ve\/veya aksi durumda da bilgi verecektir. Yukar\u0131da belirtmi\u015f oldu\u011fumuz durumlarda \u00f6demesi al\u0131nm\u0131\u015f olan transfer \u00fccretinin iadesi taraf\u0131n\u0131za kesintisiz olarak iade edilecektir.<\/p>\n<h5>Y\u00dcR\u00dcRL\u00dcK<\/h5>\n<p>\u0130\u015f bu s\u00f6zle\u015fme gerekti\u011fi taktir de 2 n\u00fcsha halinde tanzim edilerek taraflarca imzalanacak olup, s\u00f6zle\u015fmeden kaynaklanan anla\u015fmazl\u0131klarda, 4925 Say\u0131l\u0131 Karayolu Ta\u015f\u0131ma Kanununu maddeleri uygulan\u0131r. Bu s\u00f6zle\u015fmeden do\u011facak olan uyu\u015fmazl\u0131k konusunda ALANYA mahkemeleri ve icra daireleri yetkilidir.<\/p>\n<p>S\u00f6zle\u015fmeyi kendim ve\/veya rezervasyon formunda belirtmi\u015f oldu\u011fum isimleri yaz\u0131l\u0131 ki\u015filer ad\u0131na okuyup, kabul etti\u011fimi beyan ettim. Bu beyan\u0131m; rezervasyon i\u015flemini kendim yerine bir ba\u015fkas\u0131n\u0131n y\u00fcr\u00fctm\u00fc\u015f ve\/veya imzalam\u0131\u015f olmas\u0131 halinde dahi ge\u00e7erlidir. T\u00fcketici olarak ad\u0131m\u0131za d\u00fczenlenmi\u015f olan \u201cTransfer Sat\u0131\u015f S\u00f6zle\u015fmesi\u201d ve \u201cGizlilik Politikas\u0131\u201d sayfalar\u0131nda belirtilen h\u00fck\u00fcmlerinin tamam\u0131n\u0131, g\u00f6ndermi\u015f oldu\u011fum rezervasyon formunda yer alan bilgilerimin do\u011frulu\u011funun sorumlulu\u011funu, 4925 Say\u0131l\u0131 Karayolu Ta\u015f\u0131ma Kanununu ve Acentenin web sitesindeki bilgileri okuyup, anlay\u0131p kabul etti\u011fimi beyan ederim.<\/p>\n<\/div>\n","protected":false},"excerpt":{"rendered":"<p>Uzak Mesafeli Sat\u0131\u015f S\u00f6zle\u015fmesi S\u00d6ZLE\u015eMEN\u0130N TARAFLARI SATICI:Transfer 7\/24 Turizm Ta\u015f\u0131mac\u0131l\u0131k Ltd. ALICI:Hizmeti Sat\u0131n Alan S\u00d6ZLE\u015eMEN\u0130N KONUSU Al\u0131c\u0131n\u0131n Sat\u0131c\u0131ya ait transfer724.com.tr web sitesinden elektronik ortamda sipari\u015f verdi\u011fi,<span class=\"excerpt-hellip\"> [\u2026]<\/span><\/p>\n","protected":false},"author":1,"featured_media":0,"parent":0,"menu_order":0,"comment_status":"open","ping_status":"open","template":"","meta":{"footnotes":""},"class_list":["post-53","page","type-page","status-publish","hentry"],"_links":{"self":[{"href":"https:\/\/transfer724.com.tr\/tr\/wp-json\/wp\/v2\/pages\/53","targetHints":{"allow":["GET"]}}],"collection":[{"href":"https:\/\/transfer724.com.tr\/tr\/wp-json\/wp\/v2\/pages"}],"about":[{"href":"https:\/\/transfer724.com.tr\/tr\/wp-json\/wp\/v2\/types\/page"}],"author":[{"embeddable":true,"href":"https:\/\/transfer724.com.tr\/tr\/wp-json\/wp\/v2\/users\/1"}],"replies":[{"embeddable":true,"href":"https:\/\/transfer724.com.tr\/tr\/wp-json\/wp\/v2\/comments?post=53"}],"version-history":[{"count":6,"href":"https:\/\/transfer724.com.tr\/tr\/wp-json\/wp\/v2\/pages\/53\/revisions"}],"predecessor-version":[{"id":475,"href":"https:\/\/transfer724.com.tr\/tr\/wp-json\/wp\/v2\/pages\/53\/revisions\/475"}],"wp:attachment":[{"href":"https:\/\/transfer724.com.tr\/tr\/wp-json\/wp\/v2\/media?parent=53"}],"curies":[{"name":"wp","href":"https:\/\/api.w.org\/{rel}","templated":true}]}}