
{"id":150,"date":"2015-04-17T08:24:10","date_gmt":"2015-04-17T08:24:10","guid":{"rendered":"https:\/\/transfer724.com.tr\/home-%d1%80%d1%83%d1%81%d1%81%d0%ba%d0%b8%d0%b9\/"},"modified":"2024-03-17T13:46:19","modified_gmt":"2024-03-17T10:46:19","slug":"booking-agreement","status":"publish","type":"page","link":"https:\/\/transfer724.com.tr\/tr\/booking-agreement\/","title":{"rendered":"Rezervasyon S\u00f6zle\u015fmesi"},"content":{"rendered":"<p>Sorunsuz bir transfer\u00a0 deneyimi i\u00e7in l\u00fctfen a\u015fa\u011f\u0131daki bilgileri okuyun!<\/p>\n<ul>\n<li>\u015eof\u00f6r\u00fcm\u00fcz u\u00e7ak numaran\u0131z\u0131 kontrol ederek indiginiz terminalde ad\u0131n\u0131z\u0131n yaz\u0131l\u0131 oldu\u011fu kag\u0131tla sizi bekleyecektir.<\/li>\n<li>Kar\u015f\u0131lamada veya al\u0131n\u0131\u015f saatinde sorun ya\u015fanmamas\u0131 i\u00e7in rezervasyon s\u0131ras\u0131nda telefon numaras\u0131n\u0131n tam ve eksiksiz bildirilmesi m\u00fc\u015fterinin sorumlulu\u011fundad\u0131r, aksi takdirde kar\u015f\u0131la\u015f\u0131lacak sorunlardan\u00a0 <strong>transfer724<\/strong> sorumlu tutulamaz.<\/li>\n<li>D\u00f6n\u00fc\u015f rezervasyonu yap\u0131lmad\u0131ysa. l\u00fctfen\u00a0 <strong>https:\/\/transfer724.com.tr<\/strong> web sayfam\u0131z \u00fczerinde yap\u0131n\u0131z.<\/li>\n<li>L\u00fctfen rezervasyon formunda yazan paran\u0131z tam olarak haz\u0131r olsun.\u015eof\u00f6rde para \u00fcst\u00fc olmaz.<\/li>\n<li>Rezervasyon bilgisi i\u00e7in \u015fof\u00f6r\u00fc aramay\u0131n\u0131z.<\/li>\n<li>Ara\u00e7lar\u0131m\u0131zda t\u00fct\u00fcn ve sigara i\u00e7ilmez.<\/li>\n<li>Herhangi bir sorununuz olursa l\u00fctfen bizimle ileti\u015fime ge\u00e7in: {HOTLINE}<\/li>\n<\/ul>\n","protected":false},"excerpt":{"rendered":"<p>Sorunsuz bir transfer\u00a0 deneyimi i\u00e7in l\u00fctfen a\u015fa\u011f\u0131daki bilgileri okuyun! \u015eof\u00f6r\u00fcm\u00fcz u\u00e7ak numaran\u0131z\u0131 kontrol ederek indiginiz terminalde ad\u0131n\u0131z\u0131n yaz\u0131l\u0131 oldu\u011fu kag\u0131tla sizi bekleyecektir. Kar\u015f\u0131lamada veya al\u0131n\u0131\u015f saatinde<span class=\"excerpt-hellip\"> [\u2026]<\/span><\/p>\n","protected":false},"author":1,"featured_media":0,"parent":0,"menu_order":0,"comment_status":"open","ping_status":"open","template":"","meta":{"footnotes":""},"class_list":["post-150","page","type-page","status-publish","hentry"],"_links":{"self":[{"href":"https:\/\/transfer724.com.tr\/tr\/wp-json\/wp\/v2\/pages\/150","targetHints":{"allow":["GET"]}}],"collection":[{"href":"https:\/\/transfer724.com.tr\/tr\/wp-json\/wp\/v2\/pages"}],"about":[{"href":"https:\/\/transfer724.com.tr\/tr\/wp-json\/wp\/v2\/types\/page"}],"author":[{"embeddable":true,"href":"https:\/\/transfer724.com.tr\/tr\/wp-json\/wp\/v2\/users\/1"}],"replies":[{"embeddable":true,"href":"https:\/\/transfer724.com.tr\/tr\/wp-json\/wp\/v2\/comments?post=150"}],"version-history":[{"count":7,"href":"https:\/\/transfer724.com.tr\/tr\/wp-json\/wp\/v2\/pages\/150\/revisions"}],"predecessor-version":[{"id":357,"href":"https:\/\/transfer724.com.tr\/tr\/wp-json\/wp\/v2\/pages\/150\/revisions\/357"}],"wp:attachment":[{"href":"https:\/\/transfer724.com.tr\/tr\/wp-json\/wp\/v2\/media?parent=150"}],"curies":[{"name":"wp","href":"https:\/\/api.w.org\/{rel}","templated":true}]}}