
{"id":53,"date":"2015-04-17T13:58:38","date_gmt":"2015-04-17T13:58:38","guid":{"rendered":"https:\/\/transfer724.com.tr\/?page_id=53"},"modified":"2024-03-17T13:49:01","modified_gmt":"2024-03-17T10:49:01","slug":"booking-terms","status":"publish","type":"page","link":"https:\/\/transfer724.com.tr\/fi\/booking-terms\/","title":{"rendered":"Varausehdot"},"content":{"rendered":"<div class=\"booking-terms\">\n<h2>Kaukomyyntisopimus<\/h2>\n<h5>SOPIMUKSEN OSAPUOLET<\/h5>\n<p><strong>MYYJ\u00c4:<\/strong>Transfer 7\/24 Turizm Ta\u015f\u0131mac\u0131l\u0131k Ltd.<\/p>\n<p><strong>OSTAJA:<\/strong>Palvelun ostaja<\/p>\n<h3>SOPIMUKSEN OHJE<\/h3>\n<p>Laki nro 4077 kuluttajansuojasta ja et\u00e4sopimusten soveltamisesta koskien niiden tavaroiden\/palvelujen myynti\u00e4 ja toimittamista, jotka ostaja on tilannut s\u00e4hk\u00f6isesti Myyj\u00e4n verkkosivuilta transfer724.com.tr ja jotka ovat sopimuksessa mainitut p\u00e4tevyydet ja joiden myyntihinta on my\u00f6s m\u00e4\u00e4ritelty sopimuksessa. Se on osapuolten oikeuksien ja velvollisuuksien m\u00e4\u00e4rittely periaatteita ja menettelyj\u00e4 koskevan asetuksen s\u00e4\u00e4nn\u00f6sten mukaisesti.<\/p>\n<p>Ostaja, myyt\u00e4vien tavaroiden\/palvelujen perusominaisuudet, myyntihinta, maksutapa, toimitusehdot jne. H\u00e4n hyv\u00e4ksyy ja vakuuttaa tiet\u00e4v\u00e4ns\u00e4 kaikki ennakkotiedot ja &#8221;peruuttamisoikeuden&#8221; Myyt\u00e4v\u00e4t tavarat\/palvelut, ett\u00e4 h\u00e4n vahvistaa n\u00e4m\u00e4 ennakkotiedot s\u00e4hk\u00f6isess\u00e4 ymp\u00e4rist\u00f6ss\u00e4 ja tilaa sitten tavarat\/palvelut t\u00e4m\u00e4n sopimuksen m\u00e4\u00e4r\u00e4ysten mukaisesti. TIETOSUOJAK\u00c4YT\u00c4NT\u00d6 ja SIIRTOSOPIMUS transfer724.com.tr maksusivulla ovat olennainen osa t\u00e4t\u00e4 sopimusta.<\/p>\n<h4>SOPIMUSP\u00c4IV\u00c4M\u00c4\u00c4R\u00c4<\/h4>\n<p>Asiakkaiden verkkosivulta transfer724.com.tr pyyt\u00e4m\u00e4t palvelun kattamat p\u00e4iv\u00e4m\u00e4\u00e4r\u00e4t ovat olennaisia.<\/p>\n<h5>TAVAROIDEN\/PALVELUJEN TOIMITUS, SOPIMUKSEN SUORITUSPAIKKA JA TOIMITETAPA<\/h5>\n<p>Myyj\u00e4n tarjoama palvelu tarjotaan asiakkaan m\u00e4\u00e4ritt\u00e4m\u00e4n siirtopaikan mukaan, jonka asiakas m\u00e4\u00e4ritt\u00e4\u00e4 palvelua pyyt\u00e4ess\u00e4.<\/p>\n<h5>OSTAJAN LAUSUNNOT JA SITOUMUKSET<\/h5>\n<p>Jos peruuttamisoikeutta halutaan k\u00e4ytt\u00e4\u00e4, siirtopalvelua ja autonvuokrausta ei tule k\u00e4ytt\u00e4\u00e4. Lasku tulee palauttaa. Jos asianomainen pankki tai rahoituslaitos ei maksa tavaraa\/palvelua myyj\u00e4lle siirtopalvelun tai auton suorittaman ostajan luottokortin ep\u00e4oikeudenmukaisen tai laittoman k\u00e4yt\u00f6n vuoksi, ei ostajan syyn vuoksi vuokraus kuljettajan kanssa, ostajan on maksettava kuljetuspalvelu tai vuokra-auto kuljettajamaksuineen.<\/p>\n<h5>SOPIMUKSEN ALAKOHTAISEN TAVARAN\/PALVELUN OMINAISUUDET<\/h5>\n<p>Tavaroiden\/palveluiden tyyppi ja tyyppi, m\u00e4\u00e4r\u00e4, merkki\/malli, v\u00e4ri ja myyntihinta kaikki verot mukaan lukien on ilmoitettu transfer724.com.tr -sivuston tavaroiden\/palveluiden promootiosivun tiedoissa ja lasku, jota pidet\u00e4\u00e4n erottamattomana osana t\u00e4t\u00e4 sopimusta.<\/p>\n<h5>PERUUTTAMINEN JA MUUTTAMINEN<\/h5>\n<p>Kun kuluttaja pyyt\u00e4\u00e4 peruutusta viimeist\u00e4\u00e4n 12 tuntia ennen palvelun alkamista, h\u00e4nelle palautetaan koko maksettu palvelumaksu. Alle 12 tuntia ennen palvelun alkamista tehdyist\u00e4 peruutuspyynn\u00f6ist\u00e4 palautetaan 50 % yhdensuuntaisen palvelumaksun hinnasta. (Jos kaksisuuntainen palvelumaksu maksetaan, palautusmaksu palautetaan kokonaisuudessaan) Peruutusehdot ovat voimassa kuluttajan tekemiin p\u00e4iv\u00e4m\u00e4\u00e4r\u00e4n muutoksiin.<\/p>\n<p>Kuluttajan on noudatettava virastolta ostettua palvelua koskevia palvelusopimuss\u00e4\u00e4nt\u00f6j\u00e4; H\u00e4n hyv\u00e4ksyy, ett\u00e4 h\u00e4n kunnioittaa kolmansien osapuolten el\u00e4m\u00e4\u00e4, omaisuutta ja rauhaa, muuten h\u00e4n ei voi saada palvelua oikeutetusta syyst\u00e4 eik\u00e4 h\u00e4nell\u00e4 ole oikeutta palata. Mik\u00e4li pankki tai rahoituslaitos ei maksa virastolle palvelumaksua palvelun suorittamisen j\u00e4lkeen Kuluttajan luottokortin ep\u00e4oikeudenmukaisen tai laittoman k\u00e4yt\u00f6n vuoksi, Kuluttaja on vastuussa palvelumaksusta ja aiheutuvat vahingot.<\/p>\n<h5>YLEISET M\u00c4\u00c4R\u00c4YKSET<\/h5>\n<p>Agentti, mekaaninen vika, liikenneonnettomuus, toimintah\u00e4iri\u00f6t, ep\u00e4suotuisat s\u00e4\u00e4olosuhteet, liikenneruuhkat, terrori-iskut, lainvalvontak\u00e4yt\u00e4nn\u00f6t jne. Heti kun h\u00e4n ymm\u00e4rt\u00e4\u00e4, ettei h\u00e4n syist\u00e4 voi suorittaa siirtoasi, vaihtoehtoinen ajoneuvo yritet\u00e4\u00e4n tarjota mahdollisimman pian ja\/tai h\u00e4n ilmoittaa toisin. Yll\u00e4 mainitsemissamme tapauksissa maksettu siirtomaksun palautus palautetaan sinulle keskeytyksett\u00e4.<\/p>\n<h5>TEHOKKUUS<\/h5>\n<p>T\u00e4m\u00e4 sopimus on laadittava 2 kappaleena ja osapuolten allekirjoitettava tarvittaessa, ja sopimuksesta johtuvissa riita-asioissa sovelletaan tieliikennelain nro 4925 artikloja. ALANYAN tuomioistuimet ja t\u00e4yt\u00e4nt\u00f6\u00f6npanovirastot ovat valtuutettuja k\u00e4sittelem\u00e4\u00e4n t\u00e4st\u00e4 sopimuksesta johtuvia riitoja.<\/p>\n<p>Olen ilmoittanut lukeneeni ja hyv\u00e4ksyneeni sopimuksen itseni ja\/tai varauslomakkeessa ilmoittamieni henkil\u00f6iden puolesta. T\u00e4m\u00e4 on minun lausuntoni; Se on voimassa, vaikka joku muu olisi tehnyt ja\/tai allekirjoittanut varausprosessin minun sijastani. Kuluttajana vakuutan, ett\u00e4 olen lukenut, ymm\u00e4rt\u00e4nyt ja hyv\u00e4ksynyt kaikki &#8221;Siirtomyyntisopimus&#8221; ja &#8221;Tietosuojak\u00e4yt\u00e4nt\u00f6&#8221; -sivuilla mainitut ehdot, vastuun varauksen tietojen oikeellisuudesta.<\/p>\n<\/div>\n","protected":false},"excerpt":{"rendered":"<p>Kaukomyyntisopimus SOPIMUKSEN OSAPUOLET MYYJ\u00c4:Transfer 7\/24 Turizm Ta\u015f\u0131mac\u0131l\u0131k Ltd. OSTAJA:Palvelun ostaja SOPIMUKSEN OHJE Laki nro 4077 kuluttajansuojasta ja et\u00e4sopimusten soveltamisesta koskien niiden tavaroiden\/palvelujen myynti\u00e4 ja toimittamista, jotka<span class=\"excerpt-hellip\"> [\u2026]<\/span><\/p>\n","protected":false},"author":1,"featured_media":0,"parent":0,"menu_order":0,"comment_status":"open","ping_status":"open","template":"","meta":{"footnotes":""},"class_list":["post-53","page","type-page","status-publish","hentry"],"_links":{"self":[{"href":"https:\/\/transfer724.com.tr\/fi\/wp-json\/wp\/v2\/pages\/53","targetHints":{"allow":["GET"]}}],"collection":[{"href":"https:\/\/transfer724.com.tr\/fi\/wp-json\/wp\/v2\/pages"}],"about":[{"href":"https:\/\/transfer724.com.tr\/fi\/wp-json\/wp\/v2\/types\/page"}],"author":[{"embeddable":true,"href":"https:\/\/transfer724.com.tr\/fi\/wp-json\/wp\/v2\/users\/1"}],"replies":[{"embeddable":true,"href":"https:\/\/transfer724.com.tr\/fi\/wp-json\/wp\/v2\/comments?post=53"}],"version-history":[{"count":6,"href":"https:\/\/transfer724.com.tr\/fi\/wp-json\/wp\/v2\/pages\/53\/revisions"}],"predecessor-version":[{"id":475,"href":"https:\/\/transfer724.com.tr\/fi\/wp-json\/wp\/v2\/pages\/53\/revisions\/475"}],"wp:attachment":[{"href":"https:\/\/transfer724.com.tr\/fi\/wp-json\/wp\/v2\/media?parent=53"}],"curies":[{"name":"wp","href":"https:\/\/api.w.org\/{rel}","templated":true}]}}