
{"id":268,"date":"2024-03-12T14:39:40","date_gmt":"2024-03-12T11:39:40","guid":{"rendered":"https:\/\/transfer724.com.tr\/?page_id=268"},"modified":"2024-03-17T13:52:14","modified_gmt":"2024-03-17T10:52:14","slug":"privacy-policy","status":"publish","type":"page","link":"https:\/\/transfer724.com.tr\/fi\/privacy-policy\/","title":{"rendered":"Tietosuojak\u00e4yt\u00e4nt\u00f6"},"content":{"rendered":"<div class=\"privacy-policy\">\n<h4>K\u00c4YTT\u00d6EHDOT<\/h4>\n<p>Lue n\u00e4m\u00e4 &#8221;sivuston k\u00e4ytt\u00f6ehdot&#8221; huolellisesti ennen kuin k\u00e4yt\u00e4t sivustoamme.<\/p>\n<p>T\u00e4t\u00e4 ostossivustoa k\u00e4ytt\u00e4vien ja siell\u00e4 ostoksia tekevien asiakkaiden katsotaan hyv\u00e4ksyneen seuraavat ehdot:<\/p>\n<p>Sivustollamme olevat verkkosivut ja kaikki niihin linkitetyt sivut (&#8221;sivusto&#8221;) ovat Transfer-yhti\u00f6n (Yhti\u00f6) omaisuutta ja niit\u00e4 yll\u00e4pit\u00e4\u00e4 osoitteessa <strong>https:\/\/transfer724.com.tr<\/strong> Kun k\u00e4yt\u00e4t ja jatkat palvelun k\u00e4ytt\u00f6\u00e4 sivustolla, sinua (&#8221;K\u00e4ytt\u00e4j\u00e4&#8221;) koskevat seuraavat ehdot, kun k\u00e4yt\u00e4t kaikkia sivustolla tarjottavia palveluita; Hyv\u00e4ksyt, ett\u00e4 sinulla on oikeus, valtuudet ja oikeuskelpoisuus allekirjoittaa sopimus sinua sitovien lakien mukaisesti ja ett\u00e4 olet yli 18-vuotias, ett\u00e4 olet lukenut ja ymm\u00e4rt\u00e4nyt t\u00e4m\u00e4n sopimuksen ja ett\u00e4 sinua sitovat sopimukseen kirjoitetut ehdot.<\/p>\n<p>T\u00e4m\u00e4 sopimus asettaa osapuolille oikeuksia ja velvollisuuksia koskien sopimuksen kohteena olevaa tointa, ja kun osapuolet hyv\u00e4ksyv\u00e4t t\u00e4m\u00e4n sopimuksen, he vakuuttavat t\u00e4ytt\u00e4v\u00e4ns\u00e4 edell\u00e4 mainitut oikeudet ja velvollisuudet t\u00e4ydellisesti, tarkasti, ajallaan ja t\u00e4ss\u00e4 sopimuksessa vaadittujen ehtojen mukaisesti.<\/p>\n<h5>1. VELVOLLISUUDET<\/h5>\n<ol>\n<li>.Yritys pid\u00e4tt\u00e4\u00e4 aina oikeuden hintojen sek\u00e4 tarjottujen tuotteiden ja palvelujen muutoksiin.<\/li>\n<li>Yritys hyv\u00e4ksyy ja sitoutuu siihen, ett\u00e4 j\u00e4sen hy\u00f6tyy sopimuksen alaisista palveluista, lukuun ottamatta teknisi\u00e4 vikoja.<\/li>\n<li>K\u00e4ytt\u00e4j\u00e4 hyv\u00e4ksyy etuk\u00e4teen, ett\u00e4 h\u00e4n ei k\u00e4\u00e4nn\u00e4 sivuston k\u00e4ytt\u00f6\u00e4 tai ryhdy muihin toimenpiteisiin l\u00f6yt\u00e4\u00e4kseen tai hankkiakseen niiden l\u00e4hdekoodia, muuten h\u00e4n on vastuussa vahingoista, joita saattaa synty\u00e4 kolmansille osapuolille, ja ett\u00e4 h\u00e4nt\u00e4 vastaan \u200b\u200bryhdyt\u00e4\u00e4n oikeudellisiin ja rikosoikeudellisiin toimiin.<\/li>\n<\/ol>\n<p>li&gt;<br \/>\nK\u00e4ytt\u00e4j\u00e4 on toiminnassaan sivustolla, miss\u00e4 tahansa sivuston osassa tai viestinn\u00e4ss\u00e4\u00e4n yleisen moraalin ja hyvien tapojen vastainen, lain vastainen, loukkaa kolmansien osapuolten oikeuksia, on harhaanjohtava, loukkaava, s\u00e4\u00e4dyt\u00f6n, pornografinen, loukkaa henkil\u00f6kohtaisia \u200b\u200boikeuksia, loukkaa tekij\u00e4noikeuksia, kannustaa laittomaan toimintaan. Se hyv\u00e4ksyy, ett\u00e4 se ei tuota tai jaa sis\u00e4lt\u00f6\u00e4, joka sis\u00e4lt\u00e4\u00e4 sis\u00e4lt\u00f6\u00e4. Muussa tapauksessa h\u00e4n on t\u00e4ysin vastuussa vahingosta, ja t\u00e4ss\u00e4 tapauksessa &#8221;Sivuston&#8221; virkailijat voivat keskeytt\u00e4\u00e4 t\u00e4llaiset tilit, sulkea ne ja pid\u00e4tt\u00e4\u00e4 itsell\u00e4\u00e4n oikeuden aloittaa oikeustoimi. T\u00e4st\u00e4 syyst\u00e4 se varaa oikeuden jakaa oikeusviranomaisten toimittamia tietoja tai k\u00e4ytt\u00e4j\u00e4tilej\u00e4 koskevia pyynt\u00f6j\u00e4.<br \/>\nSivuston j\u00e4senten suhteet toisiinsa tai kolmansiin osapuoliin ovat heid\u00e4n omalla vastuullaan.<\/p>\n<h5>2. Immateriaalioikeudet<\/h5>\n<ol>\n<li>Kaikki t\u00e4m\u00e4n sivuston omistus- tai rekister\u00f6im\u00e4tt\u00f6m\u00e4t immateriaalioikeudet, kuten nimike, toiminimi, tavaramerkki, patentti, logo, malli, tiedot ja menetelm\u00e4t t\u00e4ll\u00e4 sivustolla, kuuluvat sivuston yll\u00e4pit\u00e4j\u00e4lle ja omistajayritykselle tai m\u00e4\u00e4ritellylle henkil\u00f6lle ja ovat kansallisen suojan alaisia. ja kansainv\u00e4linen oikeus. . Vierailu t\u00e4ll\u00e4 sivustolla tai t\u00e4m\u00e4n sivuston palvelujen k\u00e4ytt\u00e4minen ei my\u00f6nn\u00e4 mit\u00e4\u00e4n oikeuksia t\u00e4llaisiin immateriaalioikeuksiin.<\/li>\n<li>Sivuston tietoja ei saa j\u00e4ljent\u00e4\u00e4, julkaista, kopioida, esitt\u00e4\u00e4 ja\/tai siirt\u00e4\u00e4 mill\u00e4\u00e4n tavalla. Sivustoa tai sen osaa ei saa k\u00e4ytt\u00e4\u00e4 toisella verkkosivustolla ilman lupaa.<\/li>\n<\/ol>\n<h5>3. Luottamukselliset tiedot<\/h5>\n<ol>\n<li>Yhti\u00f6 ei luovuta k\u00e4ytt\u00e4jien sivuston kautta v\u00e4litt\u00e4mi\u00e4 henkil\u00f6tietoja kolmansille osapuolille. N\u00e4m\u00e4 henkil\u00f6tiedot; Se sis\u00e4lt\u00e4\u00e4 kaikenlaisia \u200b\u200bmuita k\u00e4ytt\u00e4j\u00e4n tunnistamiseen tarkoitettuja tietoja, kuten etu-sukunimi, osoite, puhelinnumero, matkapuhelin, s\u00e4hk\u00f6postiosoite, ja siit\u00e4 k\u00e4ytet\u00e4\u00e4n lyhennettyn\u00e4 nimityst\u00e4 &#8221;Luottamuksellinen tieto&#8221;.<\/li>\n<li>K\u00e4ytt\u00e4j\u00e4 voi k\u00e4ytt\u00e4\u00e4 vain kampanjoita, mainoksia, kampanjoita, tarjouksia, ilmoituksia jne. Yritys hyv\u00e4ksyy ja vakuuttaa, ett\u00e4 se suostuu jakamaan viestint\u00e4\u00e4, portfolion tilaa ja demografisia tietoja tyt\u00e4ryhti\u00f6illeen tai konserniyhti\u00f6illeen, joille se on sidoksissa, rajoitettu sen k\u00e4ytt\u00f6\u00f6n markkinointitoiminnan puitteissa. N\u00e4it\u00e4 henkil\u00f6tietoja voidaan k\u00e4ytt\u00e4\u00e4 asiakasprofiilin m\u00e4\u00e4ritt\u00e4miseen yrityksen sis\u00e4ll\u00e4, asiakasprofiiliin sopivien kampanjoiden ja kampanjoiden tarjoamiseen sek\u00e4 tilastollisten tutkimusten tekemiseen.<\/li>\n<li>Luottamuksellisia tietoja voidaan luovuttaa viranomaisille vain, jos viranomaiset sit\u00e4 asianmukaisesti vaativat ja kun luovuttaminen viranomaisille on pakollista sovellettavan pakottavan lains\u00e4\u00e4d\u00e4nn\u00f6n mukaisesti.<\/li>\n<\/ol>\n<h5>4. Ei takuuta<\/h5>\n<p>T\u00c4M\u00c4 SOPIMUSARTIKLA P\u00c4\u00c4LL\u00c4 SOVELLETTAVAN LAIN SALLIMAAN SUURIMTA. YRITYKSEN TARJOAMAT PALVELUT TARJOTAAN &#8221;SELLAISENAAN&#8221; JA &#8221;SAATAVILLA&#8221; PERUSTEELLA, ILMAN OLETETTUJA TAKUITA MYYNTIKELPOISUUDESTA, SOVELTUVUUDESTA TIETTYYN TARKOITUKSEEN TAI LOUKKAMATTA. EI ANNA MIT\u00c4\u00c4N LAINS\u00c4\u00c4D\u00c4NT\u00d6\u00c4 TAI MUUN TAKUUTA.<\/p>\n<h5>5. Rekister\u00f6inti ja suojaus<\/h5>\n<ol>\n<li>K\u00e4ytt\u00e4j\u00e4n on annettava tarkat, t\u00e4ydelliset ja ajantasaiset rekister\u00f6intitiedot. Muussa tapauksessa t\u00e4t\u00e4 sopimusta katsotaan rikotun ja tili voidaan sulkea ilmoittamatta siit\u00e4 K\u00e4ytt\u00e4j\u00e4lle.<\/li>\n<li>K\u00e4ytt\u00e4j\u00e4 on vastuussa salasanasta ja tilin turvallisuudesta sivustolla ja kolmannen osapuolen sivustoilla. Muutoin yritys ei ole vastuussa tietojen katoamisesta ja tietoturvaloukkauksista tai laitteistojen ja laitteiden vaurioista.<\/li>\n<\/ol>\n<h5>6. Ylivoimainen este<\/h5>\n<p>Ei osapuolten hallinnassa; Sopimuksesta johtuvat luonnonkatastrofit, tulipalot, r\u00e4j\u00e4hdykset, sis\u00e4llissodat, sodat, kansannousut, julkiset liikkeet, mobilisaatiojulistus, lakot, ty\u00f6sulut ja epidemiat, infrastruktuuri- ja interneth\u00e4iri\u00f6t, s\u00e4hk\u00f6katkot (jota kutsutaan j\u00e4ljemp\u00e4n\u00e4 yhteisesti &#8221;Force Majeure&#8221;). Jos osapuolet eiv\u00e4t pysty t\u00e4ytt\u00e4m\u00e4\u00e4n velvoitteitaan, osapuolet eiv\u00e4t ole vastuussa t\u00e4st\u00e4. T\u00e4st\u00e4 sopimuksesta johtuvat osapuolten oikeudet ja velvollisuudet keskeytyv\u00e4t t\u00e4n\u00e4 aikana.<\/p>\n<h5>7. Sopimuksen eheys ja sovellettavuus<\/h5>\n<p>Jos jokin t\u00e4m\u00e4n sopimuksen ehdoista tulee osittain tai kokonaan p\u00e4tem\u00e4tt\u00f6m\u00e4ksi, sopimus pysyy voimassa.<\/p>\n<h5>8. Muutokset sopimukseen<\/h5>\n<p>Yhti\u00f6 voi muuttaa sivustolla tarjottavia palveluja ja t\u00e4m\u00e4n sopimuksen ehtoja osittain tai kokonaan milloin tahansa. Muutokset astuvat voimaan julkaisup\u00e4iv\u00e4st\u00e4 l\u00e4htien. Muutosten seuraaminen on k\u00e4ytt\u00e4j\u00e4n vastuulla. Jatkamalla tarjottujen palvelujen k\u00e4ytt\u00f6\u00e4, k\u00e4ytt\u00e4j\u00e4n katsotaan hyv\u00e4ksyneen n\u00e4m\u00e4 muutokset.<\/p>\n<h5>9. Huomautus<\/h5>\n<p>Kaikki t\u00e4h\u00e4n Sopimukseen liittyv\u00e4t osapuolille l\u00e4hetett\u00e4v\u00e4t ilmoitukset tehd\u00e4\u00e4n Yrityksen tiedossa olevan s\u00e4hk\u00f6postiosoitteen ja k\u00e4ytt\u00e4j\u00e4n j\u00e4senlomakkeessa ilmoittaman s\u00e4hk\u00f6postiosoitteen kautta. K\u00e4ytt\u00e4j\u00e4 sitoutuu siihen, ett\u00e4 rekister\u00f6ityess\u00e4\u00e4n ilmoittamansa osoite on voimassa oleva ilmoitusosoite, ett\u00e4 h\u00e4n ilmoittaa muutoksesta toiselle osapuolelle kirjallisesti 5 p\u00e4iv\u00e4n kuluessa, muuten t\u00e4h\u00e4n osoitteeseen tehdyt ilmoitukset katsotaan p\u00e4teviksi.<\/p>\n<h5>10. Todistussopimus<\/h5>\n<p>Kaikissa riita-asioissa, joita voi synty\u00e4 osapuolten v\u00e4lill\u00e4 t\u00e4h\u00e4n sopimukseen liittyvist\u00e4 liiketoimista, osapuolten kirjat, arkistot ja asiakirjat, tietokonetallenteet ja faksitiedot hyv\u00e4ksyt\u00e4\u00e4n todisteiksi siviiliprosessilain mukaisesti. 6100, ja k\u00e4ytt\u00e4j\u00e4 hyv\u00e4ksyy, ett\u00e4 h\u00e4n ei vastusta n\u00e4it\u00e4 tietueita.<\/p>\n<h5>11. Riitojen ratkaisu<\/h5>\n<p>Alanian oikeustalon tuomioistuimet ja t\u00e4yt\u00e4nt\u00f6\u00f6npanotoimistot ovat valtuutettuja ratkaisemaan t\u00e4m\u00e4n sopimuksen t\u00e4yt\u00e4nt\u00f6\u00f6npanosta tai tulkinnasta aiheutuvat riidat.<\/p>\n<\/div>\n","protected":false},"excerpt":{"rendered":"<p>K\u00c4YTT\u00d6EHDOT Lue n\u00e4m\u00e4 &#8221;sivuston k\u00e4ytt\u00f6ehdot&#8221; huolellisesti ennen kuin k\u00e4yt\u00e4t sivustoamme. T\u00e4t\u00e4 ostossivustoa k\u00e4ytt\u00e4vien ja siell\u00e4 ostoksia tekevien asiakkaiden katsotaan hyv\u00e4ksyneen seuraavat ehdot: Sivustollamme olevat verkkosivut ja<span class=\"excerpt-hellip\"> [\u2026]<\/span><\/p>\n","protected":false},"author":1,"featured_media":0,"parent":0,"menu_order":0,"comment_status":"closed","ping_status":"closed","template":"","meta":{"footnotes":""},"class_list":["post-268","page","type-page","status-publish","hentry"],"_links":{"self":[{"href":"https:\/\/transfer724.com.tr\/fi\/wp-json\/wp\/v2\/pages\/268","targetHints":{"allow":["GET"]}}],"collection":[{"href":"https:\/\/transfer724.com.tr\/fi\/wp-json\/wp\/v2\/pages"}],"about":[{"href":"https:\/\/transfer724.com.tr\/fi\/wp-json\/wp\/v2\/types\/page"}],"author":[{"embeddable":true,"href":"https:\/\/transfer724.com.tr\/fi\/wp-json\/wp\/v2\/users\/1"}],"replies":[{"embeddable":true,"href":"https:\/\/transfer724.com.tr\/fi\/wp-json\/wp\/v2\/comments?post=268"}],"version-history":[{"count":6,"href":"https:\/\/transfer724.com.tr\/fi\/wp-json\/wp\/v2\/pages\/268\/revisions"}],"predecessor-version":[{"id":467,"href":"https:\/\/transfer724.com.tr\/fi\/wp-json\/wp\/v2\/pages\/268\/revisions\/467"}],"wp:attachment":[{"href":"https:\/\/transfer724.com.tr\/fi\/wp-json\/wp\/v2\/media?parent=268"}],"curies":[{"name":"wp","href":"https:\/\/api.w.org\/{rel}","templated":true}]}}