
{"id":150,"date":"2015-04-17T08:24:10","date_gmt":"2015-04-17T08:24:10","guid":{"rendered":"https:\/\/transfer724.com.tr\/home-%d1%80%d1%83%d1%81%d1%81%d0%ba%d0%b8%d0%b9\/"},"modified":"2024-03-17T13:46:19","modified_gmt":"2024-03-17T10:46:19","slug":"booking-agreement","status":"publish","type":"page","link":"https:\/\/transfer724.com.tr\/fi\/booking-agreement\/","title":{"rendered":"Varaussopimus"},"content":{"rendered":"<p>Lue alla olevat tiedot kokeaksesi sujuvan siirron!<\/p>\n<ul>\n<li>Kuljettajamme tarkistaa lentokoneesi numeron ja odottaa sinua terminaalissa, josta laskeudut paperilla, johon nimesi on kirjoitettu. {CONTACT_NAME}<\/li>\n<li>Jos et tehnyt paluuvarausta, tee se verkkosivun kautta. {SITE_URL}<\/li>\n<li>\u00c4l\u00e4 jaa paluuvaraustietoja kuljettajalle.<\/li>\n<li>Ole hyv\u00e4 ja pid\u00e4 varauslomakkeessa oleva raham\u00e4\u00e4r\u00e4 t\u00e4ysin valmiina.<\/li>\n<li>Ei tupakkaa ja tupakointia ajoneuvoissamme.<\/li>\n<li>Asiakkaan vastuulla on antaa t\u00e4ydellinen ja t\u00e4ydellinen puhelinnumero varauksen yhteydess\u00e4, jotta v\u00e4ltet\u00e4\u00e4n ongelmat vastaanoton tai saapumisajan aikana, muuten {SITE_NAME} ei ole vastuussa mahdollisista ongelmista.<\/li>\n<li>Ota yhteys minuun, jos sinulla on ongelmia: {HOTLINE1} {HOTLINE2}<\/li>\n<\/ul>\n","protected":false},"excerpt":{"rendered":"<p>Lue alla olevat tiedot kokeaksesi sujuvan siirron! Kuljettajamme tarkistaa lentokoneesi numeron ja odottaa sinua terminaalissa, josta laskeudut paperilla, johon nimesi on kirjoitettu. {CONTACT_NAME} Jos et tehnyt<span class=\"excerpt-hellip\"> [\u2026]<\/span><\/p>\n","protected":false},"author":1,"featured_media":0,"parent":0,"menu_order":0,"comment_status":"open","ping_status":"open","template":"","meta":{"footnotes":""},"class_list":["post-150","page","type-page","status-publish","hentry"],"_links":{"self":[{"href":"https:\/\/transfer724.com.tr\/fi\/wp-json\/wp\/v2\/pages\/150","targetHints":{"allow":["GET"]}}],"collection":[{"href":"https:\/\/transfer724.com.tr\/fi\/wp-json\/wp\/v2\/pages"}],"about":[{"href":"https:\/\/transfer724.com.tr\/fi\/wp-json\/wp\/v2\/types\/page"}],"author":[{"embeddable":true,"href":"https:\/\/transfer724.com.tr\/fi\/wp-json\/wp\/v2\/users\/1"}],"replies":[{"embeddable":true,"href":"https:\/\/transfer724.com.tr\/fi\/wp-json\/wp\/v2\/comments?post=150"}],"version-history":[{"count":7,"href":"https:\/\/transfer724.com.tr\/fi\/wp-json\/wp\/v2\/pages\/150\/revisions"}],"predecessor-version":[{"id":357,"href":"https:\/\/transfer724.com.tr\/fi\/wp-json\/wp\/v2\/pages\/150\/revisions\/357"}],"wp:attachment":[{"href":"https:\/\/transfer724.com.tr\/fi\/wp-json\/wp\/v2\/media?parent=150"}],"curies":[{"name":"wp","href":"https:\/\/api.w.org\/{rel}","templated":true}]}}