
{"id":55,"date":"2015-04-17T13:58:49","date_gmt":"2015-04-17T13:58:49","guid":{"rendered":"https:\/\/transfer724.com.tr\/?page_id=55"},"modified":"2025-05-09T14:26:14","modified_gmt":"2025-05-09T11:26:14","slug":"contact-us","status":"publish","type":"page","link":"https:\/\/transfer724.com.tr\/de\/contact-us\/","title":{"rendered":"Kontakt"},"content":{"rendered":"<div class=\"wpb-content-wrapper\"><p>[vc_row][vc_column width=&#8220;2\/3&#8243;]<div class=\"blockquote\"><span class=\"mfn-blockquote-icon\"><i class=\"icon-quote\" aria-hidden=\"true\"><\/i><\/span><blockquote class=\"mfn-inline-editor\">Sie k\u00f6nnen uns jederzeit \u00fcber die nebenstehenden Kontaktinformationen oder \u00fcber das untenstehende Formular kontaktieren.<\/blockquote><p class=\"author\"><i class=\"icon-user\" aria-label=\"author\"><\/i><span>Ihr Feedback und Ihre Ideen sind f\u00fcr uns immer sehr wichtig.<\/span><\/p><\/div>\n\n<div class=\"wpcf7 no-js\" id=\"wpcf7-f384-o1\" lang=\"de-DE\" dir=\"ltr\" data-wpcf7-id=\"384\">\n<div class=\"screen-reader-response\"><p role=\"status\" aria-live=\"polite\" aria-atomic=\"true\"><\/p> <ul><\/ul><\/div>\n<form action=\"\/de\/wp-json\/wp\/v2\/pages\/55#wpcf7-f384-o1\" method=\"post\" class=\"wpcf7-form init\" aria-label=\"Kontaktformular\" novalidate=\"novalidate\" data-status=\"init\">\n<fieldset class=\"hidden-fields-container\"><input type=\"hidden\" name=\"_wpcf7\" value=\"384\" \/><input type=\"hidden\" name=\"_wpcf7_version\" value=\"6.1.5\" \/><input type=\"hidden\" name=\"_wpcf7_locale\" value=\"de_DE\" \/><input type=\"hidden\" name=\"_wpcf7_unit_tag\" value=\"wpcf7-f384-o1\" \/><input type=\"hidden\" name=\"_wpcf7_container_post\" value=\"0\" \/><input type=\"hidden\" name=\"_wpcf7_posted_data_hash\" value=\"\" \/>\n<\/fieldset>\n<div class=\"column one\">\n\t<p><span class=\"wpcf7-form-control-wrap\" data-name=\"your-name\"><input size=\"40\" maxlength=\"400\" class=\"wpcf7-form-control wpcf7-text wpcf7-validates-as-required\" aria-required=\"true\" aria-invalid=\"false\" placeholder=\"Vor- und Nachname*\" value=\"\" type=\"text\" name=\"your-name\" \/><\/span>\n\t<\/p>\n<\/div>\n<div class=\"column one-second\">\n\t<p><span class=\"wpcf7-form-control-wrap\" data-name=\"your-email\"><input size=\"40\" maxlength=\"400\" class=\"wpcf7-form-control wpcf7-email wpcf7-validates-as-required wpcf7-text wpcf7-validates-as-email\" aria-required=\"true\" aria-invalid=\"false\" placeholder=\"E-Mail-Adresse*\" value=\"\" type=\"email\" name=\"your-email\" \/><\/span>\n\t<\/p>\n<\/div>\n<div class=\"column one-second\">\n\t<p><span class=\"wpcf7-form-control-wrap\" data-name=\"your-phone\"><input size=\"40\" maxlength=\"400\" class=\"wpcf7-form-control wpcf7-tel wpcf7-text wpcf7-validates-as-tel\" aria-invalid=\"false\" placeholder=\"Telefon\" value=\"\" type=\"tel\" name=\"your-phone\" \/><\/span>\n\t<\/p>\n<\/div>\n<div class=\"column one\">\n\t<p><span class=\"wpcf7-form-control-wrap\" data-name=\"your-subject\"><input size=\"40\" maxlength=\"400\" class=\"wpcf7-form-control wpcf7-text\" aria-invalid=\"false\" placeholder=\"Betreff*\" value=\"\" type=\"text\" name=\"your-subject\" \/><\/span>\n\t<\/p>\n<\/div>\n<div class=\"column one\">\n\t<p><span class=\"wpcf7-form-control-wrap\" data-name=\"your-message\"><textarea cols=\"40\" rows=\"4\" maxlength=\"2000\" class=\"wpcf7-form-control wpcf7-textarea\" aria-invalid=\"false\" placeholder=\"Nachricht\" name=\"your-message\"><\/textarea><\/span>\n\t<\/p>\n<\/div>\n<div class=\"column one\">\n\t<p><input class=\"wpcf7-form-control wpcf7-submit has-spinner\" type=\"submit\" value=\"Senden\" \/>\n\t<\/p>\n<\/div><div class=\"wpcf7-response-output\" aria-hidden=\"true\"><\/div>\n<\/form>\n<\/div>\n[\/vc_column][vc_column width=&#8220;1\/3&#8243; css=&#8220;.vc_custom_1710578204272{background: #4c8ab1 url(https:\/\/transfer724.com.tr\/wp-content\/uploads\/2024\/02\/get_in_touch.png?id=217) !important;background-position: center !important;background-repeat: no-repeat !important;background-size: contain !important;}&#8220; el_class=&#8220;contact-sidebar&#8220;]<div class=\"get_in_touch\" ><h3 class=\"title\">Kontakt - Transfer 7\/24<\/h3><div class=\"get_in_touch_wrapper\"><ul><li class=\"phone phone-1\"><span class=\"icon\"><i class=\"fas fa-phone\" aria-label=\"phone\"><\/i><\/span><p><a href=\"tel:+905363464342\">+90 536 346 43 42<\/a><\/p><\/li><li class=\"phone phone-2\"><span class=\"icon\"><i class=\"fab fa-whatsapp\" aria-label=\"phone\"><\/i><\/span><p><a target=\"_blank\" href=\"https:\/\/wa.me\/+905363464342\">+90 536 346 43 42<\/a><\/p><\/li><li class=\"mail\"><span class=\"icon\"><i class=\"fas fa-envelope\" aria-label=\"mail\"><\/i><\/span><p><a href=\"mailto:info@transfer724.com.tr\">info@transfer724.com.tr<\/a><\/p><\/li><\/ul><\/div><\/div>\n[social_vc_father][social_vc_son margin=&#8220;5&#8243; url=&#8220;url:https%3A%2F%2Fwww.facebook.com%2FAlanyaTransfer724|target:_blank&#8220; size=&#8220;30&#8243; icon=&#8220;fab fa-facebook-square&#8220;][social_vc_son margin=&#8220;5&#8243; url=&#8220;url:%23&#8243; size=&#8220;30&#8243; icon=&#8220;fab fa-twitter&#8220;][social_vc_son margin=&#8220;5&#8243; url=&#8220;url:%23&#8243; size=&#8220;30&#8243; icon=&#8220;fab fa-instagram&#8220;][\/social_vc_father][\/vc_column][\/vc_row]<\/p>\n<\/div>","protected":false},"excerpt":{"rendered":"<p>[vc_row][vc_column width=&#8220;2\/3&#8243;][\/vc_column][vc_column width=&#8220;1\/3&#8243; css=&#8220;.vc_custom_1710578204272{background: #4c8ab1 url(https:\/\/transfer724.com.tr\/wp-content\/uploads\/2024\/02\/get_in_touch.png?id=217) !important;background-position: center !important;background-repeat: no-repeat !important;background-size: contain !important;}&#8220; el_class=&#8220;contact-sidebar&#8220;][social_vc_father][social_vc_son margin=&#8220;5&#8243; url=&#8220;url:https%3A%2F%2Fwww.facebook.com%2FAlanyaTransfer724|target:_blank&#8220; size=&#8220;30&#8243; icon=&#8220;fab fa-facebook-square&#8220;][social_vc_son margin=&#8220;5&#8243; url=&#8220;url:%23&#8243; size=&#8220;30&#8243; icon=&#8220;fab fa-twitter&#8220;][social_vc_son margin=&#8220;5&#8243; url=&#8220;url:%23&#8243;<span class=\"excerpt-hellip\"> [\u2026]<\/span><\/p>\n","protected":false},"author":1,"featured_media":0,"parent":0,"menu_order":0,"comment_status":"open","ping_status":"open","template":"","meta":{"footnotes":""},"class_list":["post-55","page","type-page","status-publish","hentry"],"_links":{"self":[{"href":"https:\/\/transfer724.com.tr\/de\/wp-json\/wp\/v2\/pages\/55","targetHints":{"allow":["GET"]}}],"collection":[{"href":"https:\/\/transfer724.com.tr\/de\/wp-json\/wp\/v2\/pages"}],"about":[{"href":"https:\/\/transfer724.com.tr\/de\/wp-json\/wp\/v2\/types\/page"}],"author":[{"embeddable":true,"href":"https:\/\/transfer724.com.tr\/de\/wp-json\/wp\/v2\/users\/1"}],"replies":[{"embeddable":true,"href":"https:\/\/transfer724.com.tr\/de\/wp-json\/wp\/v2\/comments?post=55"}],"version-history":[{"count":43,"href":"https:\/\/transfer724.com.tr\/de\/wp-json\/wp\/v2\/pages\/55\/revisions"}],"predecessor-version":[{"id":787,"href":"https:\/\/transfer724.com.tr\/de\/wp-json\/wp\/v2\/pages\/55\/revisions\/787"}],"wp:attachment":[{"href":"https:\/\/transfer724.com.tr\/de\/wp-json\/wp\/v2\/media?parent=55"}],"curies":[{"name":"wp","href":"https:\/\/api.w.org\/{rel}","templated":true}]}}