
{"id":53,"date":"2015-04-17T13:58:38","date_gmt":"2015-04-17T13:58:38","guid":{"rendered":"https:\/\/transfer724.com.tr\/?page_id=53"},"modified":"2024-03-17T13:49:01","modified_gmt":"2024-03-17T10:49:01","slug":"booking-terms","status":"publish","type":"page","link":"https:\/\/transfer724.com.tr\/de\/booking-terms\/","title":{"rendered":"Buchungsbedingungen"},"content":{"rendered":"<div class=\"booking-terms\">\n<h2>Fernabsatzvertrag<\/h2>\n<h5>PARTEIEN DER VEREINBARUNG<\/h5>\n<p><strong>VERK\u00c4UFER:<\/strong>Transfer 7\/24 Turizm Ta\u015f\u0131mac\u0131l\u0131k Ltd.<br \/>\n<strong>K\u00c4UFER:<\/strong>K\u00e4ufer der Dienstleistung<\/p>\n<h3>GEGENSTAND DER VEREINBARUNG<\/h3>\n<p>Das Gesetz Nr. 4077 \u00fcber den Verbraucherschutz und die Anwendung von Fernabsatzvertr\u00e4gen in Bezug auf den Verkauf und die Lieferung von Waren\/Dienstleistungen, die der K\u00e4ufer elektronisch auf der Website des Verk\u00e4ufers transfer724.com.tr bestellt hat und die er hat die im Vertrag genannten Qualifikationen und deren Verkaufspreis ebenfalls im Vertrag angegeben ist. Es ist die Bestimmung der Rechte und Pflichten der Parteien gem\u00e4\u00df den Bestimmungen der Verordnung \u00fcber Grunds\u00e4tze und Verfahren.<\/p>\n<p>K\u00e4ufer, grundlegende Merkmale der zum Verkauf stehenden Waren\/Dienstleistungen, Verkaufspreis, Zahlungsweise, Lieferbedingungen etc. Er\/sie akzeptiert und erkl\u00e4rt, dass er\/sie Kenntnis von allen Vorabinformationen und dem \u201eWiderrufsrecht\u201c bzgl. hat die zum Verkauf stehenden Waren\/Dienstleistungen, dass er\/sie diese vorl\u00e4ufigen Informationen in elektronischer Umgebung best\u00e4tigt und dann die Waren\/Dienstleistungen gem\u00e4\u00df den Bestimmungen dieses Vertrages bestellt. DATENSCHUTZERKL\u00c4RUNG und \u00dcBERTRAGUNGSVEREINBARUNG auf der Zahlungsseite von transfer724.com.tr sind integrale Bestandteile dieser Vereinbarung.<\/p>\n<h4>VERTRAGSDATUM<\/h4>\n<p>Die von den Kunden auf der Website transfer724.com.tr angeforderten Daten, die von der Dienstleistung abgedeckt werden, sind wesentlich.<\/p>\n<h5>LIEFERUNG VON WAREN\/DIENSTLEISTUNGEN, ERF\u00dcLLUNGSORT UND LIEFERART DER VEREINBARUNG<\/h5>\n<p>Die vom Verk\u00e4ufer angebotene Dienstleistung wird gem\u00e4\u00df dem vom Kunden bestimmten \u00dcbergabeort erbracht, der vom Kunden bei der Anforderung der Dienstleistung angegeben wurde.<\/p>\n<h5>ERKL\u00c4RUNGEN UND VERPFLICHTUNGEN DES K\u00c4UFERS<\/h5>\n<p>Wenn vom Widerrufsrecht Gebrauch gemacht werden soll, sollten Transferservice &amp; Autovermietung mit Chauffeur nicht genutzt werden. Die Rechnung ist zur\u00fcckzusenden. Wenn die zust\u00e4ndige Bank oder das Finanzinstitut die Waren \/ Dienstleistungen an den Verk\u00e4ufer aufgrund der unlauteren oder rechtswidrigen Verwendung der Kreditkarte des K\u00e4ufers durch nicht autorisierte Personen, nicht aufgrund des Verschuldens des K\u00e4ufers, nach dem Transferdienst oder Auto bezahlt Anmietung mit Fahrer, der K\u00e4ufer hat die Geb\u00fchr f\u00fcr den Transferservice oder den Mietwagen mit Fahrer zu bezahlen.<\/p>\n<h5>MERKMALE DER VERTRAGLICHEN WAREN\/DIENSTLEISTUNGEN<\/h5>\n<p>Art und Typ, Menge, Marke\/Modell, Farbe und Verkaufspreis einschlie\u00dflich aller Steuern der Waren\/Dienstleistungen sind in den Informationen auf der Waren-\/Dienstleistungs-Werbeseite auf der Website transfer724.com.tr und weiter angegeben die Rechnung, die als integrierender Bestandteil dieses Vertrages gilt.<\/p>\n<h5>STORNIERUNG UND \u00c4NDERUNG<\/h5>\n<p>Wenn der Verbraucher die Stornierung bis zu 12 Stunden vor Beginn der Dienstleistung beantragt, wird ihm die gesamte gezahlte Servicegeb\u00fchr zur\u00fcckerstattet. Bei Stornierungsw\u00fcnschen weniger als 12 Stunden vor Leistungsbeginn werden 50 % der One-Way-Servicegeb\u00fchr zur\u00fcckerstattet. (Bei Zahlung der Hin- und R\u00fcckfahrtgeb\u00fchr wird die volle R\u00fccksendegeb\u00fchr zur\u00fcckerstattet) Stornierungsbedingungen gelten f\u00fcr Termin\u00e4nderungen durch den Verbraucher.<\/p>\n<p>Der Verbraucher muss die Dienstleistungsvertragsregeln bez\u00fcglich der von der Agentur erworbenen Dienstleistung einhalten; Er\/sie akzeptiert, dass er\/sie das Leben, Eigentum und den Frieden Dritter respektiert, andernfalls kann er\/sie die Leistung aus triftigem Grund nicht erhalten und hat kein R\u00fcckgaberecht. F\u00fcr den Fall, dass die Bank oder das Finanzinstitut die Servicegeb\u00fchr aufgrund der missbr\u00e4uchlichen oder rechtswidrigen Nutzung der Kreditkarte des Verbrauchers durch Unbefugte nach Erbringung der Dienstleistung nicht an die Agentur zahlt, ist der Verbraucher f\u00fcr die Servicegeb\u00fchr und die daraus resultierende Sch\u00e4den.<\/p>\n<h5>ALLGEMEINE BESTIMMUNGEN<\/h5>\n<p>Agent, mechanischer Defekt, Verkehrsunfall, Betriebsst\u00f6rungen, widrige Wetterbedingungen, Verkehrsstaus, terroristische Vorf\u00e4lle, Strafverfolgungspraktiken usw. Sobald er feststellt, dass er Ihre \u00dcberweisung aus bestimmten Gr\u00fcnden nicht durchf\u00fchren kann, es wird versucht, schnellstm\u00f6glich ein alternatives Fahrzeug zur Verf\u00fcgung zu stellen und\/oder er wird anderweitig informieren. In den oben genannten F\u00e4llen wird Ihnen die bereits bezahlte Abl\u00f6sesumme ohne Unterbrechung zur\u00fcckerstattet.<\/p>\n<h5>EFFEKTIVIT\u00c4T<\/h5>\n<p>Dieser Vertrag wird in 2 Exemplaren erstellt und gegebenenfalls von den Parteien unterzeichnet, und bei Streitigkeiten aus dem Vertrag gelten die Artikel des Stra\u00dfentransportgesetzes Nr. 4925. F\u00fcr Streitigkeiten aus diesem Vertrag sind die Gerichte und Vollstreckungsbeh\u00f6rden von ALANYA zust\u00e4ndig.<\/p>\n<p>Ich habe erkl\u00e4rt, dass ich den Vertrag f\u00fcr mich und\/oder die Personen, deren Namen ich im Reservierungsformular angegeben habe, gelesen und akzeptiert habe. Dies ist meine Aussage; Sie gilt auch dann, wenn an meiner Stelle eine andere Person den Reservierungsvorgang durchgef\u00fchrt und\/oder unterschrieben hat. Als Verbraucher erkl\u00e4re ich, dass ich alle Bestimmungen gelesen, verstanden und akzeptiert habe, die auf den Seiten \u201eTransfer-Kaufvertrag\u201c und \u201eDatenschutzrichtlinie\u201c angegeben sind, die Verantwortung f\u00fcr die Richtigkeit der Informationen in der Reservierung fo.<\/p>\n<\/div>\n","protected":false},"excerpt":{"rendered":"<p>Fernabsatzvertrag PARTEIEN DER VEREINBARUNG VERK\u00c4UFER:Transfer 7\/24 Turizm Ta\u015f\u0131mac\u0131l\u0131k Ltd. K\u00c4UFER:K\u00e4ufer der Dienstleistung GEGENSTAND DER VEREINBARUNG Das Gesetz Nr. 4077 \u00fcber den Verbraucherschutz und die Anwendung von<span class=\"excerpt-hellip\"> [\u2026]<\/span><\/p>\n","protected":false},"author":1,"featured_media":0,"parent":0,"menu_order":0,"comment_status":"open","ping_status":"open","template":"","meta":{"footnotes":""},"class_list":["post-53","page","type-page","status-publish","hentry"],"_links":{"self":[{"href":"https:\/\/transfer724.com.tr\/de\/wp-json\/wp\/v2\/pages\/53","targetHints":{"allow":["GET"]}}],"collection":[{"href":"https:\/\/transfer724.com.tr\/de\/wp-json\/wp\/v2\/pages"}],"about":[{"href":"https:\/\/transfer724.com.tr\/de\/wp-json\/wp\/v2\/types\/page"}],"author":[{"embeddable":true,"href":"https:\/\/transfer724.com.tr\/de\/wp-json\/wp\/v2\/users\/1"}],"replies":[{"embeddable":true,"href":"https:\/\/transfer724.com.tr\/de\/wp-json\/wp\/v2\/comments?post=53"}],"version-history":[{"count":6,"href":"https:\/\/transfer724.com.tr\/de\/wp-json\/wp\/v2\/pages\/53\/revisions"}],"predecessor-version":[{"id":475,"href":"https:\/\/transfer724.com.tr\/de\/wp-json\/wp\/v2\/pages\/53\/revisions\/475"}],"wp:attachment":[{"href":"https:\/\/transfer724.com.tr\/de\/wp-json\/wp\/v2\/media?parent=53"}],"curies":[{"name":"wp","href":"https:\/\/api.w.org\/{rel}","templated":true}]}}