
{"id":268,"date":"2024-03-12T14:39:40","date_gmt":"2024-03-12T11:39:40","guid":{"rendered":"https:\/\/transfer724.com.tr\/?page_id=268"},"modified":"2024-03-17T13:52:14","modified_gmt":"2024-03-17T10:52:14","slug":"privacy-policy","status":"publish","type":"page","link":"https:\/\/transfer724.com.tr\/de\/privacy-policy\/","title":{"rendered":"Datenschutz-Bestimmungen"},"content":{"rendered":"<div class=\"privacy-policy\">\n<h4>NUTZUNGSBEDINGUNGEN<\/h4>\n<p>Bitte lesen Sie diese &#8218;Nutzungsbedingungen der Website&#8216; sorgf\u00e4ltig durch, bevor Sie unsere Website nutzen.<\/p>\n<p>Es wird davon ausgegangen, dass Kunden, die diese Einkaufsseite nutzen und auf ihr einkaufen, die folgenden Bedingungen akzeptiert haben:<\/p>\n<p>Die Webseiten auf unserer Website und alle damit verlinkten Seiten (&#8218;Website&#8216;) sind Eigentum der Transfergesellschaft (Unternehmen) unter <strong>https:\/\/transfer724.com.tr<\/strong> und werden von dieser betrieben. Durch die Nutzung und weitere Nutzung des Dienstes auf der Website unterliegen Sie (\u201eBenutzer\u201c) den folgenden Bedingungen, w\u00e4hrend Sie alle auf der Website angebotenen Dienste nutzen; Sie stimmen zu, dass Sie das Recht, die Befugnis und die Rechtsf\u00e4higkeit haben, einen Vertrag gem\u00e4\u00df den Gesetzen zu unterzeichnen, an die Sie gebunden sind, und dass Sie \u00fcber 18 Jahre alt sind, dass Sie diesen Vertrag gelesen und verstanden haben und dass Sie daran gebunden sind die im Vertrag festgehaltenen Bedingungen.<\/p>\n<p>Dieser Vertrag erlegt den Parteien Rechte und Pflichten in Bezug auf den vertragsgegenst\u00e4ndlichen Standort auf, und wenn die Parteien diesen Vertrag annehmen, erkl\u00e4ren sie, dass sie die vorgenannten Rechte und Pflichten vollst\u00e4ndig, genau, rechtzeitig und erf\u00fcllen werden innerhalb der in diesem Vertrag geforderten Bedingungen.<\/p>\n<h5>1. VERANTWORTLICHKEITEN<\/h5>\n<ol>\n<li>.Das Unternehmen beh\u00e4lt sich jederzeit das Recht vor, Preise und angebotene Produkte und Dienstleistungen zu \u00e4ndern.<\/li>\n<li>Das Unternehmen akzeptiert und verpflichtet sich, dass das Mitglied von den vertragsgegenst\u00e4ndlichen Dienstleistungen profitiert, mit Ausnahme von technischen Ausf\u00e4llen.<\/li>\n<li>Der Benutzer erkl\u00e4rt sich im Voraus damit einverstanden, dass er die Nutzung der Website nicht zur\u00fcckentwickeln oder andere Ma\u00dfnahmen ergreifen wird, um den Quellcode von ihnen zu finden oder zu erhalten, andernfalls haftet er f\u00fcr die Sch\u00e4den, die gegen\u00fcber Dritten entstehen k\u00f6nnen, und dass rechtliche und strafrechtliche Schritte gegen ihn eingeleitet werden.<\/li>\n<\/ol>\n<p>li&gt;<br \/>\nDer Benutzer verst\u00f6\u00dft bei seinen Aktivit\u00e4ten auf der Website, in irgendeinem Teil der Website oder in seiner Kommunikation gegen die allgemeine Moral und die guten Sitten, gegen das Gesetz, verletzt die Rechte Dritter, ist irref\u00fchrend, beleidigend, obsz\u00f6n, pornographisch sind, Pers\u00f6nlichkeitsrechte verletzen, Urheberrechte verletzen, illegale Aktivit\u00e4ten f\u00f6rdern. Es akzeptiert, dass es keine Inhalte produziert oder teilt, die Inhalte enthalten. Andernfalls tr\u00e4gt er die volle Verantwortung f\u00fcr den Schaden, und in diesem Fall k\u00f6nnen die &#8218;Site&#8216;-Beamten solche Konten sperren, sie k\u00fcndigen und sich das Recht vorbehalten, rechtliche Schritte einzuleiten. Aus diesem Grund beh\u00e4lt es sich das Recht vor, Auskunftsersuchen von Justizbeh\u00f6rden zu Aktivit\u00e4ten oder Benutzerkonten weiterzugeben.<br \/>\nDie Beziehungen der Mitglieder der Seite untereinander oder zu Dritten liegen in ihrer eigenen Verantwortung.<\/p>\n<h5>2. Rechte an geistigem Eigentum<\/h5>\n<ol>\n<li>Alle urheberrechtlich gesch\u00fctzten oder nicht eingetragenen geistigen Eigentumsrechte wie Titel, Firmenname, Warenzeichen, Patent, Logo, Design, Informationen und Verfahren auf dieser Website geh\u00f6ren dem Website-Betreiber und Eigent\u00fcmerunternehmen oder der angegebenen Person und stehen unter dem Schutz von National und V\u00f6lkerrecht. . Der Besuch dieser Website oder die Nutzung der Dienste auf dieser Website gew\u00e4hrt keinerlei Rechte an solchen geistigen Eigentumsrechten.<\/li>\n<li>Die Informationen auf der Website d\u00fcrfen in keiner Weise reproduziert, ver\u00f6ffentlicht, kopiert, pr\u00e4sentiert und\/oder \u00fcbertragen werden. Die gesamte oder ein Teil der Website darf ohne Genehmigung nicht auf einer anderen Website verwendet werden.<\/li>\n<\/ol>\n<h5>3. Vertrauliche Informationen<\/h5>\n<ol>\n<li>Das Unternehmen wird keine personenbezogenen Daten, die von Benutzern \u00fcber die Website \u00fcbermittelt werden, an Dritte weitergeben. Diese personenbezogenen Daten; Sie enthalten alle Arten von anderen Informationen zur Identifizierung des Benutzers, wie Vorname, Nachname, Adresse, Telefonnummer, Mobiltelefon, E-Mail-Adresse, und werden kurz als \u201evertrauliche Informationen\u201c bezeichnet.<\/li>\n<li>Der Benutzer kann nur Werbeaktionen, Anzeigen, Kampagnen, Werbeaktionen, Ank\u00fcndigungen usw. verwenden. Das Unternehmen akzeptiert und erkl\u00e4rt, dass es der Weitergabe seiner Kommunikation, seines Portfoliostatus und seiner demografischen Informationen an seine Tochtergesellschaften oder Konzernunternehmen zustimmt, denen es angeh\u00f6rt verbunden, beschr\u00e4nkt auf die Verwendung im Rahmen von Marketingaktivit\u00e4ten. Diese personenbezogenen Daten k\u00f6nnen verwendet werden, um das Kundenprofil innerhalb des Unternehmens zu ermitteln, Werbeaktionen und Kampagnen anzubieten, die dem Kundenprofil entsprechen, und um statistische Studien durchzuf\u00fchren.<\/li>\n<li>Vertrauliche Informationen d\u00fcrfen nur dann an offizielle Beh\u00f6rden weitergegeben werden, wenn diese Informationen ordnungsgem\u00e4\u00df von offiziellen Beh\u00f6rden angefordert werden und wenn die Weitergabe an offizielle Beh\u00f6rden gem\u00e4\u00df den Bestimmungen der anwendbaren zwingenden Rechtsvorschriften obligatorisch ist.<\/li>\n<\/ol>\n<h5>4. Keine Garantie<\/h5>\n<p>DIESER ARTIKEL DER VEREINBARUNG GILT IN DEM NACH ANWENDBAREM RECHT MAXIMAL ZUL\u00c4SSIGEN UMFANG. DIE VOM UNTERNEHMEN BEREITGESTELLTEN DIENSTE WERDEN \u201eWIE BESEHEN\u201c UND \u201eWIE VERF\u00dcGBAR\u201c BEREITGESTELLT, OHNE STILLSCHWEIGENDE GEW\u00c4HRLEISTUNG DER MARKTF\u00c4HIGKEIT, EIGNUNG F\u00dcR EINEN BESTIMMTEN ZWECK ODER NICHTVERLETZUNG VON RECHTEN DRITTER. \u00dcBERNIMMT KEINE GEW\u00c4HRLEISTUNG JEGLICHER ART, GESETZLICH ODER ANDERWEITIG.<\/p>\n<h5>5. Registrierung und Sicherheit<\/h5>\n<ol>\n<li>Der Benutzer muss genaue, vollst\u00e4ndige und aktuelle Registrierungsinformationen angeben. Andernfalls gilt diese Vereinbarung als verletzt und das Konto kann ohne Benachrichtigung des Benutzers geschlossen werden.<\/li>\n<li>Der Benutzer ist f\u00fcr die Passwort- und Kontosicherheit auf der Website und den Websites von Drittanbietern verantwortlich. Andernfalls kann das Unternehmen nicht f\u00fcr Datenverluste und Sicherheitsverletzungen oder Sch\u00e4den an Hardware und Ger\u00e4ten haftbar gemacht werden.<\/li>\n<\/ol>\n<h5>6. H\u00f6here Gewalt<\/h5>\n<p>Nicht unter der Kontrolle der Parteien; Naturkatastrophen, Feuer, Explosionen, B\u00fcrgerkriege, Kriege, Aufst\u00e4nde, \u00f6ffentliche Bewegungen, Mobilmachungserkl\u00e4rungen, Streiks, Aussperrungen und Epidemien, Infrastruktur- und Internetausf\u00e4lle, Stromausf\u00e4lle (nachfolgend zusammenfassend als \u201eH\u00f6here Gewalt\u201c bezeichnet), die sich aus dem Vertrag ergeben. Wenn die Verpflichtungen von den Parteien unerf\u00fcllt werden, sind die Parteien daf\u00fcr nicht verantwortlich. Die Rechte und Pflichten der Parteien aus diesem Vertrag ruhen w\u00e4hrend dieser Zeit.<\/p>\n<h5>7. Integrit\u00e4t der Vereinbarung und Anwendbarkeit<\/h5>\n<p>Sollte eine Bestimmung dieses Vertrages ganz oder teilweise unwirksam werden, so bleibt der Vertrag im \u00dcbrigen wirksam.<\/p>\n<h5>8. \u00c4nderungen an der Vereinbarung<\/h5>\n<p>Das Unternehmen kann die auf der Website angebotenen Dienste und die Bedingungen dieses Vertrages jederzeit ganz oder teilweise \u00e4ndern. \u00c4nderungen werden ab dem Datum der Ver\u00f6ffentlichung auf der Website wirksam. Es liegt in der Verantwortung des Benutzers, die \u00c4nderungen zu befolgen. Indem der Benutzer weiterhin von den angebotenen Diensten profitiert, gelten diese \u00c4nderungen als akzeptiert.<\/p>\n<h5>9. Hinweis<\/h5>\n<p>Alle Benachrichtigungen, die an die Parteien im Zusammenhang mit dieser Vereinbarung zu senden sind, erfolgen \u00fcber die bekannte E-Mail-Adresse des Unternehmens und die vom Benutzer im Mitgliedschaftsformular angegebene E-Mail-Adresse. Der Nutzer erkl\u00e4rt sich damit einverstanden, dass die von ihm bei der Registrierung angegebene Adresse eine g\u00fcltige Benachrichtigungsadresse ist, dass er die andere Partei im Falle einer \u00c4nderung innerhalb von 5 Tagen schriftlich benachrichtigen wird, andernfalls gelten die Benachrichtigungen an diese Adresse als g\u00fcltig.<\/p>\n<h5>10. Nachweisvertrag<\/h5>\n<p>In allen Arten von Streitigkeiten, die zwischen den Parteien f\u00fcr die Transaktionen im Zusammenhang mit diesem Vertrag entstehen k\u00f6nnen, werden die B\u00fccher, Aufzeichnungen und Dokumente der Parteien, Computeraufzeichnungen und Faxaufzeichnungen als Beweismittel gem\u00e4\u00df dem Zivilprozessrecht akzeptiert Nr. 6100, und der Benutzer stimmt zu, dass er diesen Aufzeichnungen nicht widersprechen wird.<\/p>\n<h5>11. Streitbeilegung<\/h5>\n<p>Die Gerichtsh\u00f6fe und Vollstreckungsbeh\u00f6rden von Alanya sind befugt, alle Streitigkeiten zu schlichten, die sich aus der Umsetzung oder Auslegung dieser Vereinbarung ergeben.<\/p>\n<\/div>\n","protected":false},"excerpt":{"rendered":"<p>NUTZUNGSBEDINGUNGEN Bitte lesen Sie diese &#8218;Nutzungsbedingungen der Website&#8216; sorgf\u00e4ltig durch, bevor Sie unsere Website nutzen. Es wird davon ausgegangen, dass Kunden, die diese Einkaufsseite nutzen und<span class=\"excerpt-hellip\"> [\u2026]<\/span><\/p>\n","protected":false},"author":1,"featured_media":0,"parent":0,"menu_order":0,"comment_status":"closed","ping_status":"closed","template":"","meta":{"footnotes":""},"class_list":["post-268","page","type-page","status-publish","hentry"],"_links":{"self":[{"href":"https:\/\/transfer724.com.tr\/de\/wp-json\/wp\/v2\/pages\/268","targetHints":{"allow":["GET"]}}],"collection":[{"href":"https:\/\/transfer724.com.tr\/de\/wp-json\/wp\/v2\/pages"}],"about":[{"href":"https:\/\/transfer724.com.tr\/de\/wp-json\/wp\/v2\/types\/page"}],"author":[{"embeddable":true,"href":"https:\/\/transfer724.com.tr\/de\/wp-json\/wp\/v2\/users\/1"}],"replies":[{"embeddable":true,"href":"https:\/\/transfer724.com.tr\/de\/wp-json\/wp\/v2\/comments?post=268"}],"version-history":[{"count":6,"href":"https:\/\/transfer724.com.tr\/de\/wp-json\/wp\/v2\/pages\/268\/revisions"}],"predecessor-version":[{"id":467,"href":"https:\/\/transfer724.com.tr\/de\/wp-json\/wp\/v2\/pages\/268\/revisions\/467"}],"wp:attachment":[{"href":"https:\/\/transfer724.com.tr\/de\/wp-json\/wp\/v2\/media?parent=268"}],"curies":[{"name":"wp","href":"https:\/\/api.w.org\/{rel}","templated":true}]}}