
{"id":150,"date":"2015-04-17T08:24:10","date_gmt":"2015-04-17T08:24:10","guid":{"rendered":"https:\/\/transfer724.com.tr\/home-%d1%80%d1%83%d1%81%d1%81%d0%ba%d0%b8%d0%b9\/"},"modified":"2024-03-17T13:46:19","modified_gmt":"2024-03-17T10:46:19","slug":"booking-agreement","status":"publish","type":"page","link":"https:\/\/transfer724.com.tr\/de\/booking-agreement\/","title":{"rendered":"Buchungsvereinbarung"},"content":{"rendered":"<p>Bitte lesen Sie die folgenden Informationen, um einen reibungslosen Transfer zu gew\u00e4hrleisten!<\/p>\n<ul>\n<li>Unser Fahrer \u00fcberpr\u00fcft Ihre Flugzeugnummer und wartet am Terminal auf Sie. Sie landen mit einem Papier, auf dem Ihr Name steht. {CONTACT_NAME}<\/li>\n<li>Wenn Sie Ihre R\u00fcckbuchung nicht vorgenommen haben, tun Sie dies bitte \u00fcber die Webseite. {SITE_URL}<\/li>\n<li>Bitte teilen Sie die R\u00fcckbuchungsinformationen nicht mit dem Fahrer.<\/li>\n<li>Bitte halten Sie den Geldbetrag im Reservierungsformular vollst\u00e4ndig bereit.<\/li>\n<li>Kein Tabak und Rauchen in unseren Fahrzeugen.<\/li>\n<li>Es liegt in der Verantwortung des Kunden, zum Zeitpunkt der Reservierung die vollst\u00e4ndige Telefonnummer anzugeben, um Probleme w\u00e4hrend des Empfangs oder der Ankunftszeit zu vermeiden. Andernfalls kann {SITE_NAME} nicht f\u00fcr auftretende Probleme verantwortlich gemacht werden.<\/li>\n<li>Bitte kontaktieren Sie mich, wenn Sie Probleme haben: {HOTLINE1} {HOTLINE2}<\/li>\n<\/ul>\n","protected":false},"excerpt":{"rendered":"<p>Bitte lesen Sie die folgenden Informationen, um einen reibungslosen Transfer zu gew\u00e4hrleisten! Unser Fahrer \u00fcberpr\u00fcft Ihre Flugzeugnummer und wartet am Terminal auf Sie. Sie landen mit<span class=\"excerpt-hellip\"> [\u2026]<\/span><\/p>\n","protected":false},"author":1,"featured_media":0,"parent":0,"menu_order":0,"comment_status":"open","ping_status":"open","template":"","meta":{"footnotes":""},"class_list":["post-150","page","type-page","status-publish","hentry"],"_links":{"self":[{"href":"https:\/\/transfer724.com.tr\/de\/wp-json\/wp\/v2\/pages\/150","targetHints":{"allow":["GET"]}}],"collection":[{"href":"https:\/\/transfer724.com.tr\/de\/wp-json\/wp\/v2\/pages"}],"about":[{"href":"https:\/\/transfer724.com.tr\/de\/wp-json\/wp\/v2\/types\/page"}],"author":[{"embeddable":true,"href":"https:\/\/transfer724.com.tr\/de\/wp-json\/wp\/v2\/users\/1"}],"replies":[{"embeddable":true,"href":"https:\/\/transfer724.com.tr\/de\/wp-json\/wp\/v2\/comments?post=150"}],"version-history":[{"count":7,"href":"https:\/\/transfer724.com.tr\/de\/wp-json\/wp\/v2\/pages\/150\/revisions"}],"predecessor-version":[{"id":357,"href":"https:\/\/transfer724.com.tr\/de\/wp-json\/wp\/v2\/pages\/150\/revisions\/357"}],"wp:attachment":[{"href":"https:\/\/transfer724.com.tr\/de\/wp-json\/wp\/v2\/media?parent=150"}],"curies":[{"name":"wp","href":"https:\/\/api.w.org\/{rel}","templated":true}]}}