
{"id":53,"date":"2015-04-17T13:58:38","date_gmt":"2015-04-17T13:58:38","guid":{"rendered":"https:\/\/transfer724.com.tr\/?page_id=53"},"modified":"2024-03-17T13:49:01","modified_gmt":"2024-03-17T10:49:01","slug":"booking-terms","status":"publish","type":"page","link":"https:\/\/transfer724.com.tr\/da\/booking-terms\/","title":{"rendered":"Bestillingsbetingelser"},"content":{"rendered":"<div class=\"booking-terms\">\n<h2>Fjernsalgskontrakt<\/h2>\n<h5>PARTER I AFTALEN<\/h5>\n<p><strong>S\u00c6LGER:<\/strong>Transfer 7\/24 Turizm Ta\u015f\u0131mac\u0131l\u0131k Ltd.<\/p>\n<p><strong>K\u00d8BER:<\/strong>K\u00f8ber af service<\/p>\n<h3>EMNE AF AFTALEN<\/h3>\n<p>Lov nr. 4077 om forbrugerbeskyttelse og anvendelse af fjernaftaler vedr\u00f8rende salg og levering af de varer\/ydelser, som k\u00f8ber har bestilt elektronisk fra S\u00e6lgers hjemmeside transfer724.com.tr, og som har de i kontrakten n\u00e6vnte kvalifikationer, og hvis salgspris ogs\u00e5 er angivet i kontrakten. Det er fastl\u00e6ggelsen af &#038;ZeroWidthSpace;&#038;ZeroWidthSpace;parternes rettigheder og forpligtelser i overensstemmelse med bestemmelserne i forordningen om principper og procedurer.<\/p>\n<p> K\u00f8ber, grundl\u00e6ggende karakteristika for de salgspligtige varer\/ydelser, salgspris, betalingsmetode, leveringsbetingelser etc. Han\/hun accepterer og erkl\u00e6rer, at han\/hun har kendskab til alle forel\u00f8bige oplysninger og &#8220;fortrydelsesretten&#8221; vedr. de varer\/tjenester, der er genstand for salg, at han\/hun bekr\u00e6fter disse forel\u00f8bige oplysninger i elektronisk milj\u00f8 og derefter bestiller varerne\/tjenesterne i overensstemmelse med bestemmelserne i denne kontrakt. FORTROLIGHEDSPOLITIK og OVERF\u00d8RSELSAFTALE p\u00e5 betalingssiden p\u00e5 transfer724.com.tr er integrerede dele af denne aftale.<\/p>\n<h4>\n    KONTRAKTSDATO<br \/>\n<\/h4>\n<p>Datoerne d\u00e6kket af den service, som kunderne anmoder om fra hjemmesiden transfer724.com.tr, er vigtige.<\/p>\n<h5>LEVERING AF VARER\/TJENESTER, UDF\u00d8RELSESSTED OG LEVERINGSMETODE FOR AFTALEN<\/h5>\n<p>Tjenesten, der tilbydes af s\u00e6lgeren, leveres i henhold til det overf\u00f8rselssted, som kunden bestemmer, som kunden bestemmer ved anmodning om tjenesten.<\/p>\n<h5>K\u00d8BERS UDTALELSER OG FORPLIGTELSER<\/h5>\n<p>Hvis fortrydelsesretten skal benyttes, b\u00f8r transferservice og billeje med chauff\u00f8r ikke bruges. Fakturaen skal returneres. Hvis den relevante bank eller pengeinstitut undlader at betale varerne\/ydelserne til s\u00e6lgeren p\u00e5 grund af uautoriserede personers uretf\u00e6rdige eller ulovlige brug af k\u00f8berens kreditkort, ikke p\u00e5 grund af k\u00f8bers skyld, efter overf\u00f8rselstjenesten eller bilen leje med chauff\u00f8r, skal k\u00f8ber betale transferservice eller lejebil med chauff\u00f8rgebyr. <\/p>\n<h5>FUNKTIONER FOR VAREN\/TJENESTE I KONTRAKTEN UNDERHANDLET<\/h5>\n<p>Type og type, m\u00e6ngde, m\u00e6rke\/model, farve og salgspris inklusive alle afgifter p\u00e5 varerne\/tjenesterne er angivet i informationen p\u00e5 kampagnesiden for varer\/tjenester p\u00e5 hjemmesiden transfer724.com.tr og p\u00e5 fakturaen, som betragtes som en integreret del af denne kontrakt. <\/p>\n<h5>ANNULLERING OG \u00c6NDRING<\/h5>\n<p>N\u00e5r forbrugeren anmoder om annullering op til 12 timer f\u00f8r tjenestens start, tilbagebetales hele det betalte servicegebyr til ham. Ved afbestillingsanmodninger mindre end 12 timer f\u00f8r servicestart refunderes 50 % af envejsservicegebyret. (Hvis to-vejs servicegebyret betales, refunderes det fulde returgebyr) Annulleringsbestemmelser er gyldige for dato\u00e6ndringer foretaget af forbrugeren.<\/p>\n<p>Forbrugeren skal overholde servicekontraktens regler vedr\u00f8rende den service, der er k\u00f8bt hos agenturet; Han\/hun accepterer, at han\/hun vil respektere tredjemands liv, ejendom og fred, ellers kan han\/hun ikke modtage tjenesten af &#038;ZeroWidthSpace;&#038;ZeroWidthSpace;en retf\u00e6rdig \u00e5rsag og har ingen ret til at vende tilbage. I tilf\u00e6lde af at pengeinstituttet eller pengeinstituttet ikke betaler servicegebyret til styrelsen p\u00e5 grund af uvedkommendes uretf\u00e6rdige eller ulovlige brug af Forbrugerens kreditkort efter udf\u00f8relsen af &#038;ZeroWidthSpace;&#038;ZeroWidthSpace;serviceydelsen, er Forbrugeren ansvarlig for servicegebyret og evt. resulterende skader.<\/p>\n<h5>GENERELLE BESTEMMELSER<\/h5>\n<p>Agent, mekanisk fejl, trafikulykke, driftsforstyrrelser, ugunstige vejrforhold, trafikpropper, terrorh\u00e6ndelser, retsh\u00e5ndh\u00e6velsespraksis osv. S\u00e5 snart han indser, at han ikke vil v\u00e6re i stand til at udf\u00f8re din overf\u00f8rsel af \u00e5rsager, et alternativt k\u00f8ret\u00f8j vil blive fors\u00f8gt stillet til r\u00e5dighed hurtigst muligt, og\/eller han vil informere andet. I de tilf\u00e6lde, vi har n\u00e6vnt ovenfor, vil tilbagebetalingen af &#038;ZeroWidthSpace;&#038;ZeroWidthSpace;overf\u00f8rselsgebyret, som er blevet betalt, blive returneret til dig uden afbrydelse.<\/p>\n<h5>EFFEKTIVITET<\/h5>\n<p>Denne kontrakt skal udf\u00e6rdiges i 2 eksemplarer og underskrives af parterne, hvis det er n\u00f8dvendigt, og artiklerne i vejtransportloven nr. 4925 skal anvendes i tilf\u00e6lde af tvister, der opst\u00e5r i forbindelse med kontrakten. ALANYA domstole og h\u00e5ndh\u00e6velseskontorer er autoriserede for tvister, der opst\u00e5r i forbindelse med denne kontrakt.<\/p>\n<p>Jeg har erkl\u00e6ret, at jeg har l\u00e6st og accepteret kontrakten p\u00e5 vegne af mig selv og\/eller de personer, hvis navne jeg har angivet i reservationsformularen. Dette er mit udsagn; Den er gyldig, selvom en anden har udf\u00f8rt og\/eller underskrevet reservationsprocessen i stedet for mig selv. Som forbruger erkl\u00e6rer jeg, at jeg har l\u00e6st, forst\u00e5et og accepteret alle bestemmelserne specificeret p\u00e5 siderne &#8220;Overf\u00f8rselssalgsaftale&#8221; og &#8220;Privatlivspolitik&#8221;, ansvar for n\u00f8jagtigheden af &#038;ZeroWidthSpace;&#038;ZeroWidthSpace;oplysningerne i reservationen for<\/p>\n<\/p><\/div>\n","protected":false},"excerpt":{"rendered":"<p>Fjernsalgskontrakt PARTER I AFTALEN S\u00c6LGER:Transfer 7\/24 Turizm Ta\u015f\u0131mac\u0131l\u0131k Ltd. K\u00d8BER:K\u00f8ber af service EMNE AF AFTALEN Lov nr. 4077 om forbrugerbeskyttelse og anvendelse af fjernaftaler vedr\u00f8rende salg<span class=\"excerpt-hellip\"> [\u2026]<\/span><\/p>\n","protected":false},"author":1,"featured_media":0,"parent":0,"menu_order":0,"comment_status":"open","ping_status":"open","template":"","meta":{"footnotes":""},"class_list":["post-53","page","type-page","status-publish","hentry"],"_links":{"self":[{"href":"https:\/\/transfer724.com.tr\/da\/wp-json\/wp\/v2\/pages\/53","targetHints":{"allow":["GET"]}}],"collection":[{"href":"https:\/\/transfer724.com.tr\/da\/wp-json\/wp\/v2\/pages"}],"about":[{"href":"https:\/\/transfer724.com.tr\/da\/wp-json\/wp\/v2\/types\/page"}],"author":[{"embeddable":true,"href":"https:\/\/transfer724.com.tr\/da\/wp-json\/wp\/v2\/users\/1"}],"replies":[{"embeddable":true,"href":"https:\/\/transfer724.com.tr\/da\/wp-json\/wp\/v2\/comments?post=53"}],"version-history":[{"count":6,"href":"https:\/\/transfer724.com.tr\/da\/wp-json\/wp\/v2\/pages\/53\/revisions"}],"predecessor-version":[{"id":475,"href":"https:\/\/transfer724.com.tr\/da\/wp-json\/wp\/v2\/pages\/53\/revisions\/475"}],"wp:attachment":[{"href":"https:\/\/transfer724.com.tr\/da\/wp-json\/wp\/v2\/media?parent=53"}],"curies":[{"name":"wp","href":"https:\/\/api.w.org\/{rel}","templated":true}]}}