
{"id":268,"date":"2024-03-12T14:39:40","date_gmt":"2024-03-12T11:39:40","guid":{"rendered":"https:\/\/transfer724.com.tr\/?page_id=268"},"modified":"2024-03-17T13:52:14","modified_gmt":"2024-03-17T10:52:14","slug":"privacy-policy","status":"publish","type":"page","link":"https:\/\/transfer724.com.tr\/da\/privacy-policy\/","title":{"rendered":"Fortrolighedspolitik"},"content":{"rendered":"<div class=\"privacy-policy\">\n<h4>BRUGSVILK\u00c5R<\/h4>\n<p>L\u00e6s venligst disse &#8216;brugsbetingelser for webstedet&#8217; omhyggeligt, f\u00f8r du bruger vores websted.<\/p>\n<p>Kunder, der bruger og handler p\u00e5 denne shoppingside, anses for at have accepteret f\u00f8lgende vilk\u00e5r:<\/p>\n<p>Websiderne p\u00e5 vores websted og alle sider, der er linket til det (&#8216;websted&#8217;) er ejet af og drevet af Overf\u00f8rselsfirmaet (Selskabet) p\u00e5 <strong>https:\/\/transfer724.com.tr<\/strong> Ved at bruge og forts\u00e6tte med at bruge tjenesten p\u00e5 webstedet, er du (&#8216;Bruger&#8217;) underlagt f\u00f8lgende betingelser, mens du bruger alle de tjenester, der tilbydes p\u00e5 webstedet; Du accepterer, at du har ret, myndighed og juridisk kapacitet til at underskrive en kontrakt i overensstemmelse med de love, som du er bundet af, og at du er over 18 \u00e5r, at du har l\u00e6st og forst\u00e5et denne kontrakt, og at du er bundet af vilk\u00e5rene skrevet i kontrakten.<\/p>\n<p>Denne kontrakt p\u00e5l\u00e6gger parterne rettigheder og forpligtelser vedr\u00f8rende webstedet, der er genstand for kontrakten, og n\u00e5r parterne accepterer denne kontrakt, erkl\u00e6rer de, at de vil opfylde de f\u00f8rn\u00e6vnte rettigheder og forpligtelser fuldst\u00e6ndigt, n\u00f8jagtigt, til tiden og inden for de betingelser, der kr\u00e6ves i denne kontrakt.<\/p>\n<h5>1. ANSVAR<\/h5>\n<ol>\n<li>.Virksomheden forbeholder sig altid ret til at foretage \u00e6ndringer i priser og tilbudte produkter og tjenester.<\/li>\n<li>Virksomheden accepterer og forpligter sig til, at medlemmet vil drage fordel af de tjenester, der er omfattet af kontrakten, bortset fra tekniske fejl.<\/li>\n<li>Brugeren accepterer p\u00e5 forh\u00e5nd, at han ikke vil reverse engineering af brugen af &#038;ZeroWidthSpace;&#038;ZeroWidthSpace;webstedet eller foretage nogen anden handling for at finde eller f\u00e5 kildekoden til dem, ellers vil han v\u00e6re ansvarlig for de skader, der m\u00e5tte opst\u00e5 over for tredjeparter, og at juridiske og strafferetlige skridt vil blive f\u00f8rt mod ham.<\/li>\n<\/ol>\n<p> li&gt;<br \/>\n    Brugeren er i sine aktiviteter p\u00e5 webstedet, i enhver del af webstedet eller i sin kommunikation imod generel moral og god opf\u00f8rsel, imod loven, skader tredjemands rettigheder, er vildledende, st\u00f8dende, uanst\u00e6ndigt, pornografisk, skader personlige rettigheder, kr\u00e6nker ophavsrettigheder, tilskynder til ulovlige aktiviteter. Den accepterer, at den ikke vil producere eller dele indhold, der indeholder indhold. I modsat fald er han fuldt ud ansvarlig for skaden, og i dette tilf\u00e6lde kan &#8216;Site&#8217;s embedsm\u00e6nd suspendere s\u00e5danne konti, afslutte dem og forbeholde sig retten til at indlede en retssag. Af denne grund forbeholder det sig retten til at dele anmodninger om oplysninger fra retslige myndigheder vedr\u00f8rende aktivitet eller brugerkonti.<br \/>\n    Forholdet mellem medlemmerne af webstedet med hinanden eller med tredjeparter er deres eget ansvar.<\/p>\n<h5>2. Immaterielle rettigheder<\/h5>\n<ol>\n<li>Alle propriet\u00e6re eller uregistrerede intellektuelle ejendomsrettigheder s\u00e5som titel, firmanavn, varem\u00e6rke, patent, logo, design, information og metode p\u00e5 dette websted tilh\u00f8rer webstedets operat\u00f8r og ejervirksomhed eller den angivne person og er under beskyttelse af nationale og international ret. . At bes\u00f8ge dette websted eller bruge tjenesterne p\u00e5 dette websted giver ikke nogen ret til s\u00e5danne intellektuelle ejendomsrettigheder.<\/li>\n<li>Oplysningerne p\u00e5 webstedet m\u00e5 ikke gengives, offentligg\u00f8res, kopieres, pr\u00e6senteres og\/eller overf\u00f8res p\u00e5 nogen m\u00e5de. Hele eller dele af webstedet kan ikke bruges p\u00e5 et andet websted uden tilladelse.<\/li>\n<\/ol>\n<h5>3. Fortrolige oplysninger<\/h5>\n<ol>\n<li>Virksomheden vil ikke videregive personlige oplysninger, der overf\u00f8res af brugere gennem webstedet, til tredjeparter. Disse personlige oplysninger; Den indeholder alle former for anden information til at identificere brugeren, s\u00e5som navn-efternavn, adresse, telefonnummer, mobiltelefon, e-mailadresse, og vil kort blive omtalt som &#8216;Fortrolige oplysninger&#8217;.<\/li>\n<li>Brugeren kan kun bruge kampagner, annoncer, kampagner, kampagner, meddelelser osv. Virksomheden accepterer og erkl\u00e6rer, at den giver sit samtykke til deling af sin kommunikation, portef\u00f8ljestatus og demografiske oplysninger med sine datterselskaber eller koncernselskaber, som den er til tilknyttet, begr\u00e6nset til dets brug inden for rammerne af marketingaktiviteter. Disse personlige oplysninger kan bruges til at bestemme kundeprofilen i virksomheden, til at tilbyde kampagner og kampagner, der passer til kundeprofilen, og til at udf\u00f8re statistiske unders\u00f8gelser.<\/li>\n<li> Fortrolige oplysninger kan kun videregives til officielle myndigheder, hvis disse oplysninger er beh\u00f8rigt anmodet af officielle myndigheder, og n\u00e5r videregivelse til officielle myndigheder er obligatorisk i overensstemmelse med bestemmelserne i den g\u00e6ldende obligatoriske lovgivning.<\/li>\n<\/ol>\n<h5>4. Ingen garanti<\/h5>\n<p>DENNE AFTALEARTIKEL SKAL G\u00c6LDE I DET MAKSIMALTE OMFANG DET ER TILLADT I HENHOLD TIL G\u00c6LDENDE LOV. DE TJENESTER LEVERET AF VIRKSOMHEDEN LEVERES P\u00c5 ET &#8220;SOM DE ER&#8221; OG &#8220;SOM TILG\u00c6NGELIGT&#8221; UDEN UNDERFORST\u00c5EDE GARANTIER FOR SALGBARHED, EGNETHED TIL ET BESTEMT FORM\u00c5L ELLER IKKE-KR\u00c6NKELSE. GIVER INGEN GARANTI AF NOGEN ART, LOVGIVNING ELLER ANDEN M\u00c5DE.<\/p>\n<h5>5. Registrering og sikkerhed<\/h5>\n<ol>\n<li>Brugeren skal give n\u00f8jagtige, fuldst\u00e6ndige og ajourf\u00f8rte registreringsoplysninger. Ellers vil denne aftale blive anset for at v\u00e6re blevet overtr\u00e5dt, og kontoen kan blive lukket uden at informere brugeren.<\/li>\n<li>Brugeren er ansvarlig for adgangskoden og kontosikkerheden p\u00e5 webstedet og tredjepartswebsteder. Ellers kan virksomheden ikke holdes ansvarlig for tab af data og sikkerhedsbrud eller beskadigelse af hardware og enheder.<\/li>\n<\/ol>\n<h5>6. Force Majeure<\/h5>\n<p>Ikke under parternes kontrol; Naturkatastrofer, brand, eksplosioner, borgerkrige, krige, opstande, offentlige bev\u00e6gelser, erkl\u00e6ring om mobilisering, strejker, lockouts og epidemier, infrastruktur- og internetfejl, str\u00f8mafbrydelser (samlet omtalt som &#8220;Force Majeure&#8221; nedenfor) som f\u00f8lge af kontrakten. Hvis forpligtelserne bliver uopfyldelige af parterne, er parterne ikke ansvarlige for dette. Parternes rettigheder og forpligtelser som f\u00f8lge af denne aftale er suspenderet i denne periode.<\/p>\n<h5>7. Aftalens integritet og anvendelighed<\/h5>\n<p>Hvis en af &#038;ZeroWidthSpace;&#038;ZeroWidthSpace;vilk\u00e5rene i denne kontrakt bliver delvist eller fuldst\u00e6ndig ugyldig, forbliver resten af &#038;ZeroWidthSpace;&#038;ZeroWidthSpace;kontrakten gyldig.<\/p>\n<h5>8. \u00c6ndringer i aftalen<\/h5>\n<p>Virksomheden kan til enhver tid \u00e6ndre de tjenester, der tilbydes p\u00e5 webstedet og vilk\u00e5rene i denne kontrakt, helt eller delvist. \u00c6ndringer tr\u00e6der i kraft fra datoen for offentligg\u00f8relse p\u00e5 webstedet. Det er Brugerens ansvar at f\u00f8lge \u00e6ndringerne. Ved fortsat at drage fordel af de tilbudte tjenester, anses brugeren for at have accepteret disse \u00e6ndringer.<\/p>\n<h5>9. Bem\u00e6rk<\/h5>\n<p>Alle meddelelser, der skal sendes til parterne i forbindelse med denne aftale, vil blive foretaget via virksomhedens kendte e-mail-adresse og den e-mailadresse, der er angivet af brugeren i medlemsformularen. Brugeren accepterer, at den adresse, han\/hun har angivet ved tilmeldingen, er en gyldig notifikationsadresse, at han\/hun vil give den anden part skriftlig besked inden for 5 dage i tilf\u00e6lde af \u00e6ndring, ellers vil notifikationerne til denne adresse blive anset for gyldige. <\/p>\n<h5>10. Beviskontrakt<\/h5>\n<p>I alle former for tvister, der m\u00e5tte opst\u00e5 mellem parterne for transaktioner relateret til denne kontrakt, vil parternes b\u00f8ger, optegnelser og dokumenter, computerregistreringer og faxoptegnelser blive accepteret som bevis i overensstemmelse med den civile retsplejelov nr. 6100, og brugeren accepterer, at han ikke vil g\u00f8re indsigelse mod disse registreringer. <\/p>\n<h5>11. Bil\u00e6ggelse af tvister<\/h5>\n<p>Alanyas retsbygningsdomstole og h\u00e5ndh\u00e6velseskontorer er bemyndiget til at l\u00f8se enhver tvist, der opst\u00e5r i forbindelse med implementeringen eller fortolkningen af &#038;ZeroWidthSpace;&#038;ZeroWidthSpace;denne aftale.<\/p>\n<\/p><\/div>\n","protected":false},"excerpt":{"rendered":"<p>BRUGSVILK\u00c5R L\u00e6s venligst disse &#8216;brugsbetingelser for webstedet&#8217; omhyggeligt, f\u00f8r du bruger vores websted. Kunder, der bruger og handler p\u00e5 denne shoppingside, anses for at have accepteret<span class=\"excerpt-hellip\"> [\u2026]<\/span><\/p>\n","protected":false},"author":1,"featured_media":0,"parent":0,"menu_order":0,"comment_status":"closed","ping_status":"closed","template":"","meta":{"footnotes":""},"class_list":["post-268","page","type-page","status-publish","hentry"],"_links":{"self":[{"href":"https:\/\/transfer724.com.tr\/da\/wp-json\/wp\/v2\/pages\/268","targetHints":{"allow":["GET"]}}],"collection":[{"href":"https:\/\/transfer724.com.tr\/da\/wp-json\/wp\/v2\/pages"}],"about":[{"href":"https:\/\/transfer724.com.tr\/da\/wp-json\/wp\/v2\/types\/page"}],"author":[{"embeddable":true,"href":"https:\/\/transfer724.com.tr\/da\/wp-json\/wp\/v2\/users\/1"}],"replies":[{"embeddable":true,"href":"https:\/\/transfer724.com.tr\/da\/wp-json\/wp\/v2\/comments?post=268"}],"version-history":[{"count":6,"href":"https:\/\/transfer724.com.tr\/da\/wp-json\/wp\/v2\/pages\/268\/revisions"}],"predecessor-version":[{"id":467,"href":"https:\/\/transfer724.com.tr\/da\/wp-json\/wp\/v2\/pages\/268\/revisions\/467"}],"wp:attachment":[{"href":"https:\/\/transfer724.com.tr\/da\/wp-json\/wp\/v2\/media?parent=268"}],"curies":[{"name":"wp","href":"https:\/\/api.w.org\/{rel}","templated":true}]}}