
{"id":150,"date":"2015-04-17T08:24:10","date_gmt":"2015-04-17T08:24:10","guid":{"rendered":"https:\/\/transfer724.com.tr\/home-%d1%80%d1%83%d1%81%d1%81%d0%ba%d0%b8%d0%b9\/"},"modified":"2024-03-17T13:46:19","modified_gmt":"2024-03-17T10:46:19","slug":"booking-agreement","status":"publish","type":"page","link":"https:\/\/transfer724.com.tr\/da\/booking-agreement\/","title":{"rendered":"Reservationsaftale"},"content":{"rendered":"<p>L\u00e6s oplysningerne nedenfor for at opleve en j\u00e6vn overf\u00f8rsel!<\/p>\n<ul>\n<li>Vores chauff\u00f8r vil kontrollere dit flynummer og vente p\u00e5 dig i terminalen, du lander med et papir, hvor dit navn er skrevet. {CONTACT_NAME}<\/li>\n<li>Hvis du ikke foretog din returreservation, bedes du g\u00f8re det via websiden. {SITE_URL}<\/li>\n<li>Del ikke oplysningerne om returreservation med chauff\u00f8ren.<\/li>\n<li>S\u00f8rg for at have pengebel\u00f8bet i reservationsformularen klar.<\/li>\n<li>Ingen tobak og rygning i vores k\u00f8ret\u00f8jer.<\/li>\n<li>Det er kundens ansvar at angive det fulde og komplette telefonnummer p\u00e5 reservationstidspunktet for at undg\u00e5 problemer under modtagelsen eller ankomsttidspunktet, ellers kan {SITE_NAME} ikke holdes ansvarlig for eventuelle problemer, der opst\u00e5r.<\/li>\n<li>Kontakt mig, hvis du har problemer: {HOTLINE1} {HOTLINE2}<\/li>\n<\/ul>\n","protected":false},"excerpt":{"rendered":"<p>L\u00e6s oplysningerne nedenfor for at opleve en j\u00e6vn overf\u00f8rsel! Vores chauff\u00f8r vil kontrollere dit flynummer og vente p\u00e5 dig i terminalen, du lander med et papir,<span class=\"excerpt-hellip\"> [\u2026]<\/span><\/p>\n","protected":false},"author":1,"featured_media":0,"parent":0,"menu_order":0,"comment_status":"open","ping_status":"open","template":"","meta":{"footnotes":""},"class_list":["post-150","page","type-page","status-publish","hentry"],"_links":{"self":[{"href":"https:\/\/transfer724.com.tr\/da\/wp-json\/wp\/v2\/pages\/150","targetHints":{"allow":["GET"]}}],"collection":[{"href":"https:\/\/transfer724.com.tr\/da\/wp-json\/wp\/v2\/pages"}],"about":[{"href":"https:\/\/transfer724.com.tr\/da\/wp-json\/wp\/v2\/types\/page"}],"author":[{"embeddable":true,"href":"https:\/\/transfer724.com.tr\/da\/wp-json\/wp\/v2\/users\/1"}],"replies":[{"embeddable":true,"href":"https:\/\/transfer724.com.tr\/da\/wp-json\/wp\/v2\/comments?post=150"}],"version-history":[{"count":7,"href":"https:\/\/transfer724.com.tr\/da\/wp-json\/wp\/v2\/pages\/150\/revisions"}],"predecessor-version":[{"id":357,"href":"https:\/\/transfer724.com.tr\/da\/wp-json\/wp\/v2\/pages\/150\/revisions\/357"}],"wp:attachment":[{"href":"https:\/\/transfer724.com.tr\/da\/wp-json\/wp\/v2\/media?parent=150"}],"curies":[{"name":"wp","href":"https:\/\/api.w.org\/{rel}","templated":true}]}}